{"id":6196,"date":"2024-02-15T08:36:26","date_gmt":"2024-02-15T07:36:26","guid":{"rendered":"https:\/\/alliancesmieuxetre.fr\/?post_type=product&#038;p=6196"},"modified":"2024-05-07T10:35:06","modified_gmt":"2024-05-07T08:35:06","slug":"l-methionine-500mg-60gel-p36","status":"publish","type":"product","link":"https:\/\/alliancesmieuxetre.fr\/index.php\/product\/l-methionine-500mg-60gel-p36\/","title":{"rendered":"L-METHIONINE 500mg 60g\u00e9l. p36"},"content":{"rendered":"<ul>\n<li>Les acides amin\u00e9s sont des prot\u00e9ines qui constituent non seulement notre corps, mais r\u00e9gulent \u00e9galement la plupart des fonctions essentielles de notre corps (en devenant des enzymes ou des hormones).<br \/>\nUne autre fonction importante des acides amin\u00e9s est de fournir de l&rsquo;\u00e9nergie au corps. \u00c9tant donn\u00e9 que notre corps ne peut pas fabriquer tous les acides amin\u00e9s, nous devons consommer certains acides amin\u00e9s n\u00e9cessaires via une alimentation \u00e9quilibr\u00e9e compl\u00e8te et\/ou via un apport compl\u00e9mentaire. Sur un total de 20 acides amin\u00e9s, 9 acides amin\u00e9s ne peuvent pas \u00eatre synth\u00e9tis\u00e9s dans notre corps et nous devons les int\u00e9grer dans notre alimentation. Ceux-ci sont appel\u00e9s acides amin\u00e9s essentiels ou indispensables.<\/li>\n<li>Les acides amin\u00e9s essentiels sont: l&rsquo;histidine, l&rsquo;isoleucine, la leucine, la lysine, la m\u00e9thionine, la ph\u00e9nylalanine, la thr\u00e9onine, le tryptophane et la valine. Les 11 acides amin\u00e9s restants peuvent \u00eatre synth\u00e9tis\u00e9s \u00e0 partir d&rsquo;autres acides amin\u00e9s dans le corps et sont donc appel\u00e9s acides amin\u00e9s non essentiels (ou dispensables).<\/li>\n<li>Les acides amin\u00e9s non essentiels sont: l&rsquo;alanine, l&rsquo;arginine, l&rsquo;asparagine, l&rsquo;acide aspartique, la cyst\u00e9ine, l&rsquo;acide glutamique, la glutamine, la glycine, la proline, la s\u00e9rine et la tyrosine. Cependant, les acides amin\u00e9s essentiels et non essentiels jouent un r\u00f4le important pour soutenir notre vie.<\/li>\n<\/ul>\n<p><strong>Quel est le r\u00f4le des acides amin\u00e9s soufr\u00e9s dans le corps humain?<\/strong><\/p>\n<ul>\n<li>Les acides amin\u00e9s sont les \u00e9l\u00e9ments constitutifs des prot\u00e9ines. Parmi les acides amin\u00e9s figurent les acides amin\u00e9s soufr\u00e9s. Le soufre entre dans la composition d\u2019un acide amin\u00e9, la m\u00e9thionine (MET), et d&rsquo;autres acides amin\u00e9s soufr\u00e9s dont la cystine, la taurine, la carnitine ou encore le glutathion. Ces acides amin\u00e9s soufr\u00e9s jouent un r\u00f4le important dans l&rsquo;\u00e9limination des produits toxiques. Un complexe de source de soufre biodisponible reconnu pour aider \u00e0 \u00e9liminer les toxines de l\u2019organisme<\/li>\n<\/ul>\n","protected":false},"excerpt":{"rendered":"<div id=\"product-description-282\" class=\"product-description\">\n<p><strong>LES PRODUITS COMPL\u00c9MENTAIRE<\/strong><\/p>\n<p><strong>Nutrith\u00e9rapie\/PHYTOTH\u00c9RAPIE<\/strong><\/p>\n<ul>\n<li>Vit. C Extra<\/li>\n<li>N\u00b02 ArtifleXX<\/li>\n<li>N\u00b04 Articulation<\/li>\n<li>N\u00b05 Gluco Chondro<\/li>\n<li>N\u00b011 Complex Vit B<\/li>\n<li>N\u00b014 Capital Ongles et Cheveux<\/li>\n<\/ul>\n<p><strong>Gemmoth\u00e9rapie<\/strong><\/p>\n<ul>\n<li>Bouleau, Ronce<\/li>\n<li>Sapin pectin\u00e9, Pin<\/li>\n<li>N\u00b002 Articulation<\/li>\n<\/ul>\n<\/div>\n<div class=\"tabs\">\n<ul class=\"nav nav-tabs flex\" role=\"tablist\">\n<li class=\"nav-item\"><a class=\"nav-link active js-product-nav-active\" role=\"tab\" href=\"https:\/\/biodome.be\/systeme-digestif\/282-l-methionine-500-mg.html#description\" data-toggle=\"tab\" aria-controls=\"description\" aria-selected=\"true\">Indications et conseils<\/a><\/li>\n<li class=\"nav-item\"><a class=\"nav-link\" role=\"tab\" href=\"https:\/\/biodome.be\/systeme-digestif\/282-l-methionine-500-mg.html#composition\" data-toggle=\"tab\" aria-controls=\"composition\" aria-selected=\"true\">Formule<\/a><\/li>\n<li class=\"nav-item\"><a class=\"nav-link\" role=\"tab\" href=\"https:\/\/biodome.be\/systeme-digestif\/282-l-methionine-500-mg.html#allegations\" data-toggle=\"tab\" aria-controls=\"allegations\" aria-selected=\"true\">All\u00e9gations de sant\u00e9 sp\u00e9cifiques<\/a><\/li>\n<li class=\"nav-item\"><a class=\"nav-link\" role=\"tab\" href=\"https:\/\/biodome.be\/systeme-digestif\/282-l-methionine-500-mg.html#caution\" data-toggle=\"tab\" aria-controls=\"caution\" aria-selected=\"true\">Pr\u00e9cautions<\/a><\/li>\n<li class=\"nav-item\"><a class=\"nav-link\" role=\"tab\" href=\"https:\/\/biodome.be\/systeme-digestif\/282-l-methionine-500-mg.html#product-details\" data-toggle=\"tab\" aria-controls=\"product-details\" aria-selected=\"true\">Mentions l\u00e9gales<\/a><\/li>\n<\/ul>\n<div id=\"tab-content\" class=\"tab-content\">\n<div id=\"description\" class=\"tab-pane fade in active js-product-tab-active\" role=\"tabpanel\">\n<div class=\"product-description\">\n<h3>Indications et conseils<\/h3>\n<p>voie orale &#8211; 1 gel \/j. &#8211; 20 mn. avant repas<\/p>\n<\/div>\n<\/div>\n<\/div>\n<\/div>\n","protected":false},"featured_media":6465,"comment_status":"open","ping_status":"closed","template":"","meta":{"site-sidebar-layout":"default","site-content-layout":"","ast-site-content-layout":"default","site-content-style":"default","site-sidebar-style":"default","ast-global-header-display":"","ast-banner-title-visibility":"","ast-main-header-display":"","ast-hfb-above-header-display":"","ast-hfb-below-header-display":"","ast-hfb-mobile-header-display":"","site-post-title":"","ast-breadcrumbs-content":"","ast-featured-img":"","footer-sml-layout":"","theme-transparent-header-meta":"default","adv-header-id-meta":"","stick-header-meta":"","header-above-stick-meta":"","header-main-stick-meta":"","header-below-stick-meta":"","astra-migrate-meta-layouts":"set","ast-page-background-enabled":"default","ast-page-background-meta":{"desktop":{"background-color":"","background-image":"","background-repeat":"repeat","background-position":"center center","background-size":"auto","background-attachment":"scroll","background-type":"","background-media":"","overlay-type":"","overlay-color":"","overlay-gradient":""},"tablet":{"background-color":"","background-image":"","background-repeat":"repeat","background-position":"center center","background-size":"auto","background-attachment":"scroll","background-type":"","background-media":"","overlay-type":"","overlay-color":"","overlay-gradient":""},"mobile":{"background-color":"","background-image":"","background-repeat":"repeat","background-position":"center center","background-size":"auto","background-attachment":"scroll","background-type":"","background-media":"","overlay-type":"","overlay-color":"","overlay-gradient":""}},"ast-content-background-meta":{"desktop":{"background-color":"var(--ast-global-color-5)","background-image":"","background-repeat":"repeat","background-position":"center center","background-size":"auto","background-attachment":"scroll","background-type":"","background-media":"","overlay-type":"","overlay-color":"","overlay-gradient":""},"tablet":{"background-color":"var(--ast-global-color-5)","background-image":"","background-repeat":"repeat","background-position":"center center","background-size":"auto","background-attachment":"scroll","background-type":"","background-media":"","overlay-type":"","overlay-color":"","overlay-gradient":""},"mobile":{"background-color":"var(--ast-global-color-5)","background-image":"","background-repeat":"repeat","background-position":"center center","background-size":"auto","background-attachment":"scroll","background-type":"","background-media":"","overlay-type":"","overlay-color":"","overlay-gradient":""}}},"product_cat":[38],"product_tag":[],"class_list":{"0":"post-6196","1":"product","2":"type-product","3":"status-publish","4":"has-post-thumbnail","6":"product_cat-acides-amines","7":"desktop-align-center","8":"tablet-align-center","9":"mobile-align-center","11":"first","12":"instock","13":"taxable","14":"shipping-taxable","15":"purchasable","16":"product-type-simple"},"_links":{"self":[{"href":"https:\/\/alliancesmieuxetre.fr\/index.php\/wp-json\/wp\/v2\/product\/6196","targetHints":{"allow":["GET"]}}],"collection":[{"href":"https:\/\/alliancesmieuxetre.fr\/index.php\/wp-json\/wp\/v2\/product"}],"about":[{"href":"https:\/\/alliancesmieuxetre.fr\/index.php\/wp-json\/wp\/v2\/types\/product"}],"replies":[{"embeddable":true,"href":"https:\/\/alliancesmieuxetre.fr\/index.php\/wp-json\/wp\/v2\/comments?post=6196"}],"wp:featuredmedia":[{"embeddable":true,"href":"https:\/\/alliancesmieuxetre.fr\/index.php\/wp-json\/wp\/v2\/media\/6465"}],"wp:attachment":[{"href":"https:\/\/alliancesmieuxetre.fr\/index.php\/wp-json\/wp\/v2\/media?parent=6196"}],"wp:term":[{"taxonomy":"product_cat","embeddable":true,"href":"https:\/\/alliancesmieuxetre.fr\/index.php\/wp-json\/wp\/v2\/product_cat?post=6196"},{"taxonomy":"product_tag","embeddable":true,"href":"https:\/\/alliancesmieuxetre.fr\/index.php\/wp-json\/wp\/v2\/product_tag?post=6196"}],"curies":[{"name":"wp","href":"https:\/\/api.w.org\/{rel}","templated":true}]}}