{"id":6147,"date":"2024-02-07T13:02:51","date_gmt":"2024-02-07T12:02:51","guid":{"rendered":"https:\/\/alliancesmieuxetre.fr\/?post_type=product&#038;p=6147"},"modified":"2024-02-18T11:05:31","modified_gmt":"2024-02-18T10:05:31","slug":"neuvaine-vitrail-saint-joseph","status":"publish","type":"product","link":"https:\/\/alliancesmieuxetre.fr\/index.php\/product\/neuvaine-vitrail-saint-joseph\/","title":{"rendered":"NEUVAINE VITRAIL SAINT JOSEPH"},"content":{"rendered":"<p>\u00d4 Joseph, toi que la gr\u00e2ce divine a combl\u00e9 , Le Sauveur a repos\u00e9 dans tes bras et grandi sous tes yeux , Tu es b\u00e9ni entre tous les hommes et J\u00e9sus, l\u2019Enfantest b\u00e9ni. Saint Joseph, donn\u00e9 pour p\u00e8re au Fils de Dieu, prie pour nous dans nos soucis de famille (&#8230;), de sant\u00e9 (&#8230;) et de travail (&#8230;), jusqu\u2019\u00e0 nos derniers jours, et daigne nous secourir \u00e0 l\u2019heure de notre mort. Amen.<\/p>\n","protected":false},"excerpt":{"rendered":"<p>\u00d4 Joseph, toi que la gr\u00e2ce divine a combl\u00e9 , Le Sauveur a repos\u00e9 dans tes bras et grandi sous tes yeux , Tu es b\u00e9ni entre tous les hommes et J\u00e9sus, l\u2019Enfantest b\u00e9ni. Saint Joseph, donn\u00e9 pour p\u00e8re au Fils de Dieu, prie pour nous dans nos soucis de famille (&#8230;), de sant\u00e9 (&#8230;) &hellip;<\/p>\n<p class=\"read-more\"> <a class=\"\" href=\"https:\/\/alliancesmieuxetre.fr\/index.php\/product\/neuvaine-vitrail-saint-joseph\/\"> <span class=\"screen-reader-text\">NEUVAINE VITRAIL SAINT JOSEPH<\/span> Lire la suite\u00a0\u00bb<\/a><\/p>\n","protected":false},"featured_media":6334,"comment_status":"open","ping_status":"closed","template":"","meta":{"site-sidebar-layout":"default","site-content-layout":"","ast-site-content-layout":"default","site-content-style":"default","site-sidebar-style":"default","ast-global-header-display":"","ast-banner-title-visibility":"","ast-main-header-display":"","ast-hfb-above-header-display":"","ast-hfb-below-header-display":"","ast-hfb-mobile-header-display":"","site-post-title":"","ast-breadcrumbs-content":"","ast-featured-img":"","footer-sml-layout":"","theme-transparent-header-meta":"default","adv-header-id-meta":"","stick-header-meta":"","header-above-stick-meta":"","header-main-stick-meta":"","header-below-stick-meta":"","astra-migrate-meta-layouts":"set","ast-page-background-enabled":"default","ast-page-background-meta":{"desktop":{"background-color":"","background-image":"","background-repeat":"repeat","background-position":"center center","background-size":"auto","background-attachment":"scroll","background-type":"","background-media":"","overlay-type":"","overlay-color":"","overlay-gradient":""},"tablet":{"background-color":"","background-image":"","background-repeat":"repeat","background-position":"center center","background-size":"auto","background-attachment":"scroll","background-type":"","background-media":"","overlay-type":"","overlay-color":"","overlay-gradient":""},"mobile":{"background-color":"","background-image":"","background-repeat":"repeat","background-position":"center center","background-size":"auto","background-attachment":"scroll","background-type":"","background-media":"","overlay-type":"","overlay-color":"","overlay-gradient":""}},"ast-content-background-meta":{"desktop":{"background-color":"var(--ast-global-color-5)","background-image":"","background-repeat":"repeat","background-position":"center center","background-size":"auto","background-attachment":"scroll","background-type":"","background-media":"","overlay-type":"","overlay-color":"","overlay-gradient":""},"tablet":{"background-color":"var(--ast-global-color-5)","background-image":"","background-repeat":"repeat","background-position":"center center","background-size":"auto","background-attachment":"scroll","background-type":"","background-media":"","overlay-type":"","overlay-color":"","overlay-gradient":""},"mobile":{"background-color":"var(--ast-global-color-5)","background-image":"","background-repeat":"repeat","background-position":"center center","background-size":"auto","background-attachment":"scroll","background-type":"","background-media":"","overlay-type":"","overlay-color":"","overlay-gradient":""}}},"product_cat":[34],"product_tag":[],"class_list":{"0":"post-6147","1":"product","2":"type-product","3":"status-publish","4":"has-post-thumbnail","6":"product_cat-neuvaines","7":"desktop-align-center","8":"tablet-align-center","9":"mobile-align-center","11":"first","12":"instock","13":"taxable","14":"shipping-taxable","15":"purchasable","16":"product-type-simple"},"_links":{"self":[{"href":"https:\/\/alliancesmieuxetre.fr\/index.php\/wp-json\/wp\/v2\/product\/6147","targetHints":{"allow":["GET"]}}],"collection":[{"href":"https:\/\/alliancesmieuxetre.fr\/index.php\/wp-json\/wp\/v2\/product"}],"about":[{"href":"https:\/\/alliancesmieuxetre.fr\/index.php\/wp-json\/wp\/v2\/types\/product"}],"replies":[{"embeddable":true,"href":"https:\/\/alliancesmieuxetre.fr\/index.php\/wp-json\/wp\/v2\/comments?post=6147"}],"wp:featuredmedia":[{"embeddable":true,"href":"https:\/\/alliancesmieuxetre.fr\/index.php\/wp-json\/wp\/v2\/media\/6334"}],"wp:attachment":[{"href":"https:\/\/alliancesmieuxetre.fr\/index.php\/wp-json\/wp\/v2\/media?parent=6147"}],"wp:term":[{"taxonomy":"product_cat","embeddable":true,"href":"https:\/\/alliancesmieuxetre.fr\/index.php\/wp-json\/wp\/v2\/product_cat?post=6147"},{"taxonomy":"product_tag","embeddable":true,"href":"https:\/\/alliancesmieuxetre.fr\/index.php\/wp-json\/wp\/v2\/product_tag?post=6147"}],"curies":[{"name":"wp","href":"https:\/\/api.w.org\/{rel}","templated":true}]}}