{"id":6146,"date":"2024-02-07T13:00:27","date_gmt":"2024-02-07T12:00:27","guid":{"rendered":"https:\/\/alliancesmieuxetre.fr\/?post_type=product&#038;p=6146"},"modified":"2024-02-18T10:37:16","modified_gmt":"2024-02-18T09:37:16","slug":"neuvaine-vitrail-saint-jacques","status":"publish","type":"product","link":"https:\/\/alliancesmieuxetre.fr\/index.php\/product\/neuvaine-vitrail-saint-jacques\/","title":{"rendered":"NEUVAINE VITRAIL SAINT JACQUES"},"content":{"rendered":"<p>Saint Jacques, fr\u00e8re de l&rsquo;aim\u00e9, toi qui pr\u00eachas de ta voix foudroyante, interc\u00e8de en notre faveur! Voici ton serviteur (Nommer la personne) qui demande de l&rsquo;aide! Qu&rsquo;il ne soit pas jug\u00e9 selon ses m\u00e9rites, mais, gr\u00e2ce \u00e0 toi, sur ses oblations envers le Tr\u00e8s Haut! Que le Tout Puissant se souvienne de lui quand sa g\u00e9n\u00e9rosit\u00e9 accomplira le Pardon ultime! Ainsi soit-il.<\/p>\n","protected":false},"excerpt":{"rendered":"<p>Saint Jacques, fr\u00e8re de l&rsquo;aim\u00e9, toi qui pr\u00eachas de ta voix foudroyante, interc\u00e8de en notre faveur! Voici ton serviteur (Nommer la personne) qui demande de l&rsquo;aide! Qu&rsquo;il ne soit pas jug\u00e9 selon ses m\u00e9rites, mais, gr\u00e2ce \u00e0 toi, sur ses oblations envers le Tr\u00e8s Haut! Que le Tout Puissant se souvienne de lui quand sa &hellip;<\/p>\n<p class=\"read-more\"> <a class=\"\" href=\"https:\/\/alliancesmieuxetre.fr\/index.php\/product\/neuvaine-vitrail-saint-jacques\/\"> <span class=\"screen-reader-text\">NEUVAINE VITRAIL SAINT JACQUES<\/span> Lire la suite\u00a0\u00bb<\/a><\/p>\n","protected":false},"featured_media":6325,"comment_status":"open","ping_status":"closed","template":"","meta":{"site-sidebar-layout":"default","site-content-layout":"","ast-site-content-layout":"default","site-content-style":"default","site-sidebar-style":"default","ast-global-header-display":"","ast-banner-title-visibility":"","ast-main-header-display":"","ast-hfb-above-header-display":"","ast-hfb-below-header-display":"","ast-hfb-mobile-header-display":"","site-post-title":"","ast-breadcrumbs-content":"","ast-featured-img":"","footer-sml-layout":"","theme-transparent-header-meta":"default","adv-header-id-meta":"","stick-header-meta":"","header-above-stick-meta":"","header-main-stick-meta":"","header-below-stick-meta":"","astra-migrate-meta-layouts":"set","ast-page-background-enabled":"default","ast-page-background-meta":{"desktop":{"background-color":"","background-image":"","background-repeat":"repeat","background-position":"center center","background-size":"auto","background-attachment":"scroll","background-type":"","background-media":"","overlay-type":"","overlay-color":"","overlay-gradient":""},"tablet":{"background-color":"","background-image":"","background-repeat":"repeat","background-position":"center center","background-size":"auto","background-attachment":"scroll","background-type":"","background-media":"","overlay-type":"","overlay-color":"","overlay-gradient":""},"mobile":{"background-color":"","background-image":"","background-repeat":"repeat","background-position":"center center","background-size":"auto","background-attachment":"scroll","background-type":"","background-media":"","overlay-type":"","overlay-color":"","overlay-gradient":""}},"ast-content-background-meta":{"desktop":{"background-color":"var(--ast-global-color-5)","background-image":"","background-repeat":"repeat","background-position":"center center","background-size":"auto","background-attachment":"scroll","background-type":"","background-media":"","overlay-type":"","overlay-color":"","overlay-gradient":""},"tablet":{"background-color":"var(--ast-global-color-5)","background-image":"","background-repeat":"repeat","background-position":"center center","background-size":"auto","background-attachment":"scroll","background-type":"","background-media":"","overlay-type":"","overlay-color":"","overlay-gradient":""},"mobile":{"background-color":"var(--ast-global-color-5)","background-image":"","background-repeat":"repeat","background-position":"center center","background-size":"auto","background-attachment":"scroll","background-type":"","background-media":"","overlay-type":"","overlay-color":"","overlay-gradient":""}}},"product_cat":[34],"product_tag":[],"class_list":{"0":"post-6146","1":"product","2":"type-product","3":"status-publish","4":"has-post-thumbnail","6":"product_cat-neuvaines","7":"desktop-align-center","8":"tablet-align-center","9":"mobile-align-center","11":"first","12":"instock","13":"taxable","14":"shipping-taxable","15":"purchasable","16":"product-type-simple"},"_links":{"self":[{"href":"https:\/\/alliancesmieuxetre.fr\/index.php\/wp-json\/wp\/v2\/product\/6146","targetHints":{"allow":["GET"]}}],"collection":[{"href":"https:\/\/alliancesmieuxetre.fr\/index.php\/wp-json\/wp\/v2\/product"}],"about":[{"href":"https:\/\/alliancesmieuxetre.fr\/index.php\/wp-json\/wp\/v2\/types\/product"}],"replies":[{"embeddable":true,"href":"https:\/\/alliancesmieuxetre.fr\/index.php\/wp-json\/wp\/v2\/comments?post=6146"}],"wp:featuredmedia":[{"embeddable":true,"href":"https:\/\/alliancesmieuxetre.fr\/index.php\/wp-json\/wp\/v2\/media\/6325"}],"wp:attachment":[{"href":"https:\/\/alliancesmieuxetre.fr\/index.php\/wp-json\/wp\/v2\/media?parent=6146"}],"wp:term":[{"taxonomy":"product_cat","embeddable":true,"href":"https:\/\/alliancesmieuxetre.fr\/index.php\/wp-json\/wp\/v2\/product_cat?post=6146"},{"taxonomy":"product_tag","embeddable":true,"href":"https:\/\/alliancesmieuxetre.fr\/index.php\/wp-json\/wp\/v2\/product_tag?post=6146"}],"curies":[{"name":"wp","href":"https:\/\/api.w.org\/{rel}","templated":true}]}}