{"id":6139,"date":"2024-02-07T12:20:43","date_gmt":"2024-02-07T11:20:43","guid":{"rendered":"https:\/\/alliancesmieuxetre.fr\/?post_type=product&#038;p=6139"},"modified":"2024-02-18T10:53:35","modified_gmt":"2024-02-18T09:53:35","slug":"neuvaine-vitrail-sacre-coeur-de-jesus","status":"publish","type":"product","link":"https:\/\/alliancesmieuxetre.fr\/index.php\/product\/neuvaine-vitrail-sacre-coeur-de-jesus\/","title":{"rendered":"NEUVAINE VITRAIL SACRE COEUR DE JESUS"},"content":{"rendered":"<p>\u00d4 mon J\u00e9sus, qui avez dit: \u00a0\u00bbEn v\u00e9rit\u00e9 je vous le dis, demandez et vous recevrez,cherchez et vous trouverez, frappez et l&rsquo;on vous ouvrira. \u00a0\u00bb Voici que je frappe, je cherche, je demande la gr\u00e2ce de&#8230;\u201d \u00d4 mon J\u00e9sus, qui avez dit : \u00a0\u00bbEn v\u00e9rit\u00e9 je vous le dis, tout ce que vous demanderez \u00e0 mon P\u00e8re en mon nom, il vous l&rsquo;accordera.\u201d\u00a0\u00bb Voici qu&rsquo;\u00e0 votre P\u00e8re, en votre nom, je demande la gr\u00e2ce de&#8230;\u201d. Amen. <i class=\"fa fa-minus-square\"><\/i><\/p>\n","protected":false},"excerpt":{"rendered":"<p>\u00d4 mon J\u00e9sus, qui avez dit: \u00a0\u00bbEn v\u00e9rit\u00e9 je vous le dis, demandez et vous recevrez,cherchez et vous trouverez, frappez et l&rsquo;on vous ouvrira. \u00a0\u00bb Voici que je frappe, je cherche, je demande la gr\u00e2ce de&#8230;\u201d \u00d4 mon J\u00e9sus, qui avez dit : \u00a0\u00bbEn v\u00e9rit\u00e9 je vous le dis, tout ce que vous demanderez \u00e0 &hellip;<\/p>\n<p class=\"read-more\"> <a class=\"\" href=\"https:\/\/alliancesmieuxetre.fr\/index.php\/product\/neuvaine-vitrail-sacre-coeur-de-jesus\/\"> <span class=\"screen-reader-text\">NEUVAINE VITRAIL SACRE COEUR DE JESUS<\/span> Lire la suite\u00a0\u00bb<\/a><\/p>\n","protected":false},"featured_media":6331,"comment_status":"open","ping_status":"closed","template":"","meta":{"site-sidebar-layout":"default","site-content-layout":"","ast-site-content-layout":"default","site-content-style":"default","site-sidebar-style":"default","ast-global-header-display":"","ast-banner-title-visibility":"","ast-main-header-display":"","ast-hfb-above-header-display":"","ast-hfb-below-header-display":"","ast-hfb-mobile-header-display":"","site-post-title":"","ast-breadcrumbs-content":"","ast-featured-img":"","footer-sml-layout":"","theme-transparent-header-meta":"default","adv-header-id-meta":"","stick-header-meta":"","header-above-stick-meta":"","header-main-stick-meta":"","header-below-stick-meta":"","astra-migrate-meta-layouts":"set","ast-page-background-enabled":"default","ast-page-background-meta":{"desktop":{"background-color":"","background-image":"","background-repeat":"repeat","background-position":"center center","background-size":"auto","background-attachment":"scroll","background-type":"","background-media":"","overlay-type":"","overlay-color":"","overlay-gradient":""},"tablet":{"background-color":"","background-image":"","background-repeat":"repeat","background-position":"center center","background-size":"auto","background-attachment":"scroll","background-type":"","background-media":"","overlay-type":"","overlay-color":"","overlay-gradient":""},"mobile":{"background-color":"","background-image":"","background-repeat":"repeat","background-position":"center center","background-size":"auto","background-attachment":"scroll","background-type":"","background-media":"","overlay-type":"","overlay-color":"","overlay-gradient":""}},"ast-content-background-meta":{"desktop":{"background-color":"var(--ast-global-color-5)","background-image":"","background-repeat":"repeat","background-position":"center center","background-size":"auto","background-attachment":"scroll","background-type":"","background-media":"","overlay-type":"","overlay-color":"","overlay-gradient":""},"tablet":{"background-color":"var(--ast-global-color-5)","background-image":"","background-repeat":"repeat","background-position":"center center","background-size":"auto","background-attachment":"scroll","background-type":"","background-media":"","overlay-type":"","overlay-color":"","overlay-gradient":""},"mobile":{"background-color":"var(--ast-global-color-5)","background-image":"","background-repeat":"repeat","background-position":"center center","background-size":"auto","background-attachment":"scroll","background-type":"","background-media":"","overlay-type":"","overlay-color":"","overlay-gradient":""}}},"product_cat":[34],"product_tag":[],"class_list":{"0":"post-6139","1":"product","2":"type-product","3":"status-publish","4":"has-post-thumbnail","6":"product_cat-neuvaines","7":"desktop-align-center","8":"tablet-align-center","9":"mobile-align-center","11":"first","12":"instock","13":"taxable","14":"shipping-taxable","15":"purchasable","16":"product-type-simple"},"_links":{"self":[{"href":"https:\/\/alliancesmieuxetre.fr\/index.php\/wp-json\/wp\/v2\/product\/6139","targetHints":{"allow":["GET"]}}],"collection":[{"href":"https:\/\/alliancesmieuxetre.fr\/index.php\/wp-json\/wp\/v2\/product"}],"about":[{"href":"https:\/\/alliancesmieuxetre.fr\/index.php\/wp-json\/wp\/v2\/types\/product"}],"replies":[{"embeddable":true,"href":"https:\/\/alliancesmieuxetre.fr\/index.php\/wp-json\/wp\/v2\/comments?post=6139"}],"wp:featuredmedia":[{"embeddable":true,"href":"https:\/\/alliancesmieuxetre.fr\/index.php\/wp-json\/wp\/v2\/media\/6331"}],"wp:attachment":[{"href":"https:\/\/alliancesmieuxetre.fr\/index.php\/wp-json\/wp\/v2\/media?parent=6139"}],"wp:term":[{"taxonomy":"product_cat","embeddable":true,"href":"https:\/\/alliancesmieuxetre.fr\/index.php\/wp-json\/wp\/v2\/product_cat?post=6139"},{"taxonomy":"product_tag","embeddable":true,"href":"https:\/\/alliancesmieuxetre.fr\/index.php\/wp-json\/wp\/v2\/product_tag?post=6139"}],"curies":[{"name":"wp","href":"https:\/\/api.w.org\/{rel}","templated":true}]}}