{"id":6115,"date":"2024-02-06T16:42:07","date_gmt":"2024-02-06T15:42:07","guid":{"rendered":"https:\/\/alliancesmieuxetre.fr\/?post_type=product&#038;p=6115"},"modified":"2024-05-07T11:56:34","modified_gmt":"2024-05-07T09:56:34","slug":"n56-complex-vit-b-essential-90gel-p31","status":"publish","type":"product","link":"https:\/\/alliancesmieuxetre.fr\/index.php\/product\/n56-complex-vit-b-essential-90gel-p31\/","title":{"rendered":"N\u00b056 COMPLEX VIT. B ESSENTIAL 90g\u00e9l. p31"},"content":{"rendered":"<div class=\"col-md-8\">\n<div class=\"product-heading\">\n<p>J\u2019ai des troubles cardiovasculaires Je souhaite me pr\u00e9munir des risques d\u2019une perte de densit\u00e9 osseuse. Mon moral est bas et j\u2019ai une perte d\u2019int\u00e9r\u00eat ou de plaisir \u00e0 la vie Je manque de concentration (\u00e0 l\u2019\u00e9cole ou au travail). J\u2019ai des troubles neurologiques d\u00e9g\u00e9n\u00e9ratifs et graves.<\/p>\n<div class=\"product-manufacturer\"><\/div>\n<\/div>\n<p>&nbsp;<\/p>\n<\/div>\n","protected":false},"excerpt":{"rendered":"<div id=\"product-description-304\" class=\"product-description\">\n<p><strong>LES PRODUITS COMPL\u00c9MENTAIRE<\/strong><\/p>\n<p><strong>Nutrith\u00e9rapie\/PHYTOTH\u00c9RAPIE<\/strong><\/p>\n<ul>\n<li>EPA+, DHA+ (om\u00e9ga 3)<\/li>\n<li>L\u00e9cithine de soja<\/li>\n<li>N\u00b01 Complex Cardio<\/li>\n<li>N\u00b05 Gluco Chondro<\/li>\n<li>N\u00b015 Meno 50+<\/li>\n<li>N\u00b029 Complex Cholest\u00e9rol<\/li>\n<li>N\u00b028 Capital Osseux<\/li>\n<li>N\u00b047 Choline Inositol<\/li>\n<li>N\u00b050 Polycosanol<\/li>\n<\/ul>\n<p><strong>Gemmoth\u00e9rapie<\/strong><\/p>\n<ul>\n<li>N\u00b002 Articulation<\/li>\n<li>N\u00b009 Syst\u00e8me osseux<\/li>\n<li>N\u00b003 Cardio<\/li>\n<li>N\u00b007 M\u00e9moire<\/li>\n<li>N\u00b016 Confort f\u00e9minin<\/li>\n<\/ul>\n<\/div>\n<div class=\"tabs\">\n<ul class=\"nav nav-tabs flex\" role=\"tablist\">\n<li class=\"nav-item\"><a class=\"nav-link active js-product-nav-active\" role=\"tab\" href=\"https:\/\/biodome.be\/vitalite-tonicite\/304-n56-complex-vitb-essential.html#description\" data-toggle=\"tab\" aria-controls=\"description\" aria-selected=\"true\">Indications et conseils<\/a><\/li>\n<li class=\"nav-item\"><a class=\"nav-link\" role=\"tab\" href=\"https:\/\/biodome.be\/vitalite-tonicite\/304-n56-complex-vitb-essential.html#composition\" data-toggle=\"tab\" aria-controls=\"composition\" aria-selected=\"true\">Formule<\/a><\/li>\n<li class=\"nav-item\"><a class=\"nav-link\" role=\"tab\" href=\"https:\/\/biodome.be\/vitalite-tonicite\/304-n56-complex-vitb-essential.html#allegations\" data-toggle=\"tab\" aria-controls=\"allegations\" aria-selected=\"true\">All\u00e9gations de sant\u00e9 sp\u00e9cifiques<\/a><\/li>\n<li class=\"nav-item\"><a class=\"nav-link\" role=\"tab\" href=\"https:\/\/biodome.be\/vitalite-tonicite\/304-n56-complex-vitb-essential.html#caution\" data-toggle=\"tab\" aria-controls=\"caution\" aria-selected=\"true\">Pr\u00e9cautions<\/a><\/li>\n<li class=\"nav-item\"><a class=\"nav-link\" role=\"tab\" href=\"https:\/\/biodome.be\/vitalite-tonicite\/304-n56-complex-vitb-essential.html#product-details\" data-toggle=\"tab\" aria-controls=\"product-details\" aria-selected=\"true\">Mentions l\u00e9gales<\/a><\/li>\n<\/ul>\n<div id=\"tab-content\" class=\"tab-content\">\n<div id=\"description\" class=\"tab-pane fade in active js-product-tab-active\" role=\"tabpanel\">\n<div class=\"product-description\">\n<h3>Indications et conseils<\/h3>\n<p>voie orale &#8211; 1 gel \/j avec 1 repas<\/p>\n<\/div>\n<\/div>\n<\/div>\n<\/div>\n","protected":false},"featured_media":6489,"comment_status":"open","ping_status":"closed","template":"","meta":{"site-sidebar-layout":"default","site-content-layout":"","ast-site-content-layout":"default","site-content-style":"default","site-sidebar-style":"default","ast-global-header-display":"","ast-banner-title-visibility":"","ast-main-header-display":"","ast-hfb-above-header-display":"","ast-hfb-below-header-display":"","ast-hfb-mobile-header-display":"","site-post-title":"","ast-breadcrumbs-content":"","ast-featured-img":"","footer-sml-layout":"","theme-transparent-header-meta":"default","adv-header-id-meta":"","stick-header-meta":"","header-above-stick-meta":"","header-main-stick-meta":"","header-below-stick-meta":"","astra-migrate-meta-layouts":"set","ast-page-background-enabled":"default","ast-page-background-meta":{"desktop":{"background-color":"","background-image":"","background-repeat":"repeat","background-position":"center center","background-size":"auto","background-attachment":"scroll","background-type":"","background-media":"","overlay-type":"","overlay-color":"","overlay-gradient":""},"tablet":{"background-color":"","background-image":"","background-repeat":"repeat","background-position":"center center","background-size":"auto","background-attachment":"scroll","background-type":"","background-media":"","overlay-type":"","overlay-color":"","overlay-gradient":""},"mobile":{"background-color":"","background-image":"","background-repeat":"repeat","background-position":"center center","background-size":"auto","background-attachment":"scroll","background-type":"","background-media":"","overlay-type":"","overlay-color":"","overlay-gradient":""}},"ast-content-background-meta":{"desktop":{"background-color":"var(--ast-global-color-5)","background-image":"","background-repeat":"repeat","background-position":"center center","background-size":"auto","background-attachment":"scroll","background-type":"","background-media":"","overlay-type":"","overlay-color":"","overlay-gradient":""},"tablet":{"background-color":"var(--ast-global-color-5)","background-image":"","background-repeat":"repeat","background-position":"center center","background-size":"auto","background-attachment":"scroll","background-type":"","background-media":"","overlay-type":"","overlay-color":"","overlay-gradient":""},"mobile":{"background-color":"var(--ast-global-color-5)","background-image":"","background-repeat":"repeat","background-position":"center center","background-size":"auto","background-attachment":"scroll","background-type":"","background-media":"","overlay-type":"","overlay-color":"","overlay-gradient":""}}},"product_cat":[46,39],"product_tag":[],"class_list":{"0":"post-6115","1":"product","2":"type-product","3":"status-publish","4":"has-post-thumbnail","6":"product_cat-les-complexes","7":"product_cat-vitamines","8":"desktop-align-center","9":"tablet-align-center","10":"mobile-align-center","12":"first","13":"instock","14":"taxable","15":"shipping-taxable","16":"purchasable","17":"product-type-simple"},"_links":{"self":[{"href":"https:\/\/alliancesmieuxetre.fr\/index.php\/wp-json\/wp\/v2\/product\/6115","targetHints":{"allow":["GET"]}}],"collection":[{"href":"https:\/\/alliancesmieuxetre.fr\/index.php\/wp-json\/wp\/v2\/product"}],"about":[{"href":"https:\/\/alliancesmieuxetre.fr\/index.php\/wp-json\/wp\/v2\/types\/product"}],"replies":[{"embeddable":true,"href":"https:\/\/alliancesmieuxetre.fr\/index.php\/wp-json\/wp\/v2\/comments?post=6115"}],"wp:featuredmedia":[{"embeddable":true,"href":"https:\/\/alliancesmieuxetre.fr\/index.php\/wp-json\/wp\/v2\/media\/6489"}],"wp:attachment":[{"href":"https:\/\/alliancesmieuxetre.fr\/index.php\/wp-json\/wp\/v2\/media?parent=6115"}],"wp:term":[{"taxonomy":"product_cat","embeddable":true,"href":"https:\/\/alliancesmieuxetre.fr\/index.php\/wp-json\/wp\/v2\/product_cat?post=6115"},{"taxonomy":"product_tag","embeddable":true,"href":"https:\/\/alliancesmieuxetre.fr\/index.php\/wp-json\/wp\/v2\/product_tag?post=6115"}],"curies":[{"name":"wp","href":"https:\/\/api.w.org\/{rel}","templated":true}]}}