{"id":6056,"date":"2024-02-05T10:03:30","date_gmt":"2024-02-05T09:03:30","guid":{"rendered":"https:\/\/alliancesmieuxetre.fr\/?post_type=product&#038;p=6056"},"modified":"2024-05-07T12:48:15","modified_gmt":"2024-05-07T10:48:15","slug":"n12-multi-vitamines-90gel-p31-70","status":"publish","type":"product","link":"https:\/\/alliancesmieuxetre.fr\/index.php\/product\/n12-multi-vitamines-90gel-p31-70\/","title":{"rendered":"N\u00b012 MULTI VITAMINES+ 90g\u00e9l. p31-70"},"content":{"rendered":"<p>Un cocktail de vitamines, min\u00e9raux et oligo\u00e9l\u00e9ments, associ\u00e9 au ginseng pour stimuler l&rsquo;organisme dans sa globalit\u00e9.<\/p>\n","protected":false},"excerpt":{"rendered":"<div id=\"product-description-302\" class=\"product-description\">\n<p><strong>LES PRODUITS COMPL\u00c9MENTAIRE<\/strong><\/p>\n<p><strong>Nutrith\u00e9rapie\/PHYTOTH\u00c9RAPIE<\/strong><\/p>\n<ul>\n<li>Magn\u00e9sium+<\/li>\n<li>Moringa Extra<\/li>\n<li>Spiruline Extra<\/li>\n<li>N\u00b033 Complex Mg Q10 B6 L-Taurine<\/li>\n<\/ul>\n<p><strong>Gemmoth\u00e9rapie<\/strong><\/p>\n<ul>\n<li>Cassis, Romarin<\/li>\n<li>N\u00b011 Vitalit\u00e9 (matin)<\/li>\n<li>N\u00b023 S\u00e9r\u00e9nit\u00e9 (soir)<\/li>\n<\/ul>\n<\/div>\n<div class=\"tabs\">\n<ul class=\"nav nav-tabs flex\" role=\"tablist\">\n<li class=\"nav-item\"><a class=\"nav-link active js-product-nav-active\" role=\"tab\" href=\"https:\/\/biodome.be\/vitalite-tonicite\/302-n12-multi-vitamines-.html#description\" data-toggle=\"tab\" aria-controls=\"description\" aria-selected=\"true\">Indications et conseils<\/a><\/li>\n<li class=\"nav-item\"><a class=\"nav-link\" role=\"tab\" href=\"https:\/\/biodome.be\/vitalite-tonicite\/302-n12-multi-vitamines-.html#composition\" data-toggle=\"tab\" aria-controls=\"composition\" aria-selected=\"true\">Formule<\/a><\/li>\n<li class=\"nav-item\"><a class=\"nav-link\" role=\"tab\" href=\"https:\/\/biodome.be\/vitalite-tonicite\/302-n12-multi-vitamines-.html#allegations\" data-toggle=\"tab\" aria-controls=\"allegations\" aria-selected=\"true\">All\u00e9gations de sant\u00e9 sp\u00e9cifiques<\/a><\/li>\n<li class=\"nav-item\"><a class=\"nav-link\" role=\"tab\" href=\"https:\/\/biodome.be\/vitalite-tonicite\/302-n12-multi-vitamines-.html#caution\" data-toggle=\"tab\" aria-controls=\"caution\" aria-selected=\"true\">Pr\u00e9cautions<\/a><\/li>\n<li class=\"nav-item\"><a class=\"nav-link\" role=\"tab\" href=\"https:\/\/biodome.be\/vitalite-tonicite\/302-n12-multi-vitamines-.html#product-details\" data-toggle=\"tab\" aria-controls=\"product-details\" aria-selected=\"true\">Mentions l\u00e9gales<\/a><\/li>\n<\/ul>\n<div id=\"tab-content\" class=\"tab-content\">\n<div id=\"description\" class=\"tab-pane fade in active js-product-tab-active\" role=\"tabpanel\">\n<div class=\"product-description\">\n<h3>Indications et conseils<\/h3>\n<p>voie orale &#8211; 3 gel \/j. &#8211; aux repas<\/p>\n<\/div>\n<\/div>\n<\/div>\n<\/div>\n","protected":false},"featured_media":6516,"comment_status":"open","ping_status":"closed","template":"","meta":{"site-sidebar-layout":"default","site-content-layout":"","ast-site-content-layout":"default","site-content-style":"default","site-sidebar-style":"default","ast-global-header-display":"","ast-banner-title-visibility":"","ast-main-header-display":"","ast-hfb-above-header-display":"","ast-hfb-below-header-display":"","ast-hfb-mobile-header-display":"","site-post-title":"","ast-breadcrumbs-content":"","ast-featured-img":"","footer-sml-layout":"","theme-transparent-header-meta":"default","adv-header-id-meta":"","stick-header-meta":"","header-above-stick-meta":"","header-main-stick-meta":"","header-below-stick-meta":"","astra-migrate-meta-layouts":"set","ast-page-background-enabled":"default","ast-page-background-meta":{"desktop":{"background-color":"","background-image":"","background-repeat":"repeat","background-position":"center center","background-size":"auto","background-attachment":"scroll","background-type":"","background-media":"","overlay-type":"","overlay-color":"","overlay-gradient":""},"tablet":{"background-color":"","background-image":"","background-repeat":"repeat","background-position":"center center","background-size":"auto","background-attachment":"scroll","background-type":"","background-media":"","overlay-type":"","overlay-color":"","overlay-gradient":""},"mobile":{"background-color":"","background-image":"","background-repeat":"repeat","background-position":"center center","background-size":"auto","background-attachment":"scroll","background-type":"","background-media":"","overlay-type":"","overlay-color":"","overlay-gradient":""}},"ast-content-background-meta":{"desktop":{"background-color":"var(--ast-global-color-5)","background-image":"","background-repeat":"repeat","background-position":"center center","background-size":"auto","background-attachment":"scroll","background-type":"","background-media":"","overlay-type":"","overlay-color":"","overlay-gradient":""},"tablet":{"background-color":"var(--ast-global-color-5)","background-image":"","background-repeat":"repeat","background-position":"center center","background-size":"auto","background-attachment":"scroll","background-type":"","background-media":"","overlay-type":"","overlay-color":"","overlay-gradient":""},"mobile":{"background-color":"var(--ast-global-color-5)","background-image":"","background-repeat":"repeat","background-position":"center center","background-size":"auto","background-attachment":"scroll","background-type":"","background-media":"","overlay-type":"","overlay-color":"","overlay-gradient":""}}},"product_cat":[46,39],"product_tag":[],"class_list":{"0":"post-6056","1":"product","2":"type-product","3":"status-publish","4":"has-post-thumbnail","6":"product_cat-les-complexes","7":"product_cat-vitamines","8":"desktop-align-center","9":"tablet-align-center","10":"mobile-align-center","12":"first","13":"instock","14":"taxable","15":"shipping-taxable","16":"purchasable","17":"product-type-simple"},"_links":{"self":[{"href":"https:\/\/alliancesmieuxetre.fr\/index.php\/wp-json\/wp\/v2\/product\/6056","targetHints":{"allow":["GET"]}}],"collection":[{"href":"https:\/\/alliancesmieuxetre.fr\/index.php\/wp-json\/wp\/v2\/product"}],"about":[{"href":"https:\/\/alliancesmieuxetre.fr\/index.php\/wp-json\/wp\/v2\/types\/product"}],"replies":[{"embeddable":true,"href":"https:\/\/alliancesmieuxetre.fr\/index.php\/wp-json\/wp\/v2\/comments?post=6056"}],"wp:featuredmedia":[{"embeddable":true,"href":"https:\/\/alliancesmieuxetre.fr\/index.php\/wp-json\/wp\/v2\/media\/6516"}],"wp:attachment":[{"href":"https:\/\/alliancesmieuxetre.fr\/index.php\/wp-json\/wp\/v2\/media?parent=6056"}],"wp:term":[{"taxonomy":"product_cat","embeddable":true,"href":"https:\/\/alliancesmieuxetre.fr\/index.php\/wp-json\/wp\/v2\/product_cat?post=6056"},{"taxonomy":"product_tag","embeddable":true,"href":"https:\/\/alliancesmieuxetre.fr\/index.php\/wp-json\/wp\/v2\/product_tag?post=6056"}],"curies":[{"name":"wp","href":"https:\/\/api.w.org\/{rel}","templated":true}]}}