{"id":6044,"date":"2024-02-04T11:53:31","date_gmt":"2024-02-04T10:53:31","guid":{"rendered":"https:\/\/alliancesmieuxetre.fr\/?post_type=product&#038;p=6044"},"modified":"2024-05-07T12:25:49","modified_gmt":"2024-05-07T10:25:49","slug":"canneberge-extra-250mg-poudre-60gel-p13-84","status":"publish","type":"product","link":"https:\/\/alliancesmieuxetre.fr\/index.php\/product\/canneberge-extra-250mg-poudre-60gel-p13-84\/","title":{"rendered":"CANNEBERGE EXTRA 250mg (poudre) 60g\u00e9l. p13-84"},"content":{"rendered":"<ul>\n<li>J\u2019ai des infections urinaires et souhaite me pr\u00e9munir de r\u00e9cidives de cystites (E. Coli)<\/li>\n<li>Je veux limiter les risques d\u2019ulc\u00e8res et les probl\u00e8mes de gastrites (H. Pylori)<\/li>\n<li>J\u2019ai une candidose (Candida Albicans)<\/li>\n<\/ul>\n","protected":false},"excerpt":{"rendered":"<div id=\"product-description-321\" class=\"product-description\">\n<p><strong>LES PRODUITS COMPL\u00c9MENTAIRES<\/strong><\/p>\n<ul>\n<li><strong>Nutrith\u00e9rapie\/PHYTOTH\u00c9RAPIE<\/strong><br \/>\nN\u00b051 Capital pH<\/li>\n<\/ul>\n<p>&nbsp;<\/p>\n<ul>\n<li><strong>Gemmoth\u00e9rapie<\/strong><br \/>\nArgousier, H\u00eatre<br \/>\nFr\u00eane, Bruy\u00e8re<br \/>\nN\u00b005 D\u00e9puratif<br \/>\nN\u00b006 Immunit\u00e9<\/li>\n<\/ul>\n<\/div>\n<div class=\"tabs\">\n<ul class=\"nav nav-tabs flex\" role=\"tablist\">\n<li class=\"nav-item\"><a class=\"nav-link active js-product-nav-active\" role=\"tab\" href=\"https:\/\/biodome.be\/bien-etre-masculin\/321-canneberge-extra.html#description\" data-toggle=\"tab\" aria-controls=\"description\" aria-selected=\"true\">Indications et conseils<\/a><\/li>\n<li class=\"nav-item\"><a class=\"nav-link\" role=\"tab\" href=\"https:\/\/biodome.be\/bien-etre-masculin\/321-canneberge-extra.html#composition\" data-toggle=\"tab\" aria-controls=\"composition\" aria-selected=\"true\">Formule<\/a><\/li>\n<li class=\"nav-item\"><a class=\"nav-link\" role=\"tab\" href=\"https:\/\/biodome.be\/bien-etre-masculin\/321-canneberge-extra.html#allegations\" data-toggle=\"tab\" aria-controls=\"allegations\" aria-selected=\"true\">All\u00e9gations de sant\u00e9 sp\u00e9cifiques<\/a><\/li>\n<li class=\"nav-item\"><a class=\"nav-link\" role=\"tab\" href=\"https:\/\/biodome.be\/bien-etre-masculin\/321-canneberge-extra.html#caution\" data-toggle=\"tab\" aria-controls=\"caution\" aria-selected=\"true\">Pr\u00e9cautions<\/a><\/li>\n<li class=\"nav-item\"><a class=\"nav-link\" role=\"tab\" href=\"https:\/\/biodome.be\/bien-etre-masculin\/321-canneberge-extra.html#product-details\" data-toggle=\"tab\" aria-controls=\"product-details\" aria-selected=\"true\">Mentions l\u00e9gales<\/a><\/li>\n<\/ul>\n<div id=\"tab-content\" class=\"tab-content\">\n<div id=\"description\" class=\"tab-pane fade in active js-product-tab-active\" role=\"tabpanel\">\n<div class=\"product-description\">\n<h3>Indications et conseils<\/h3>\n<p>voie orale &#8211; 2 \u00e0 3 gel \/j. &#8211; apr\u00e8s repas<\/p>\n<\/div>\n<\/div>\n<\/div>\n<\/div>\n","protected":false},"featured_media":6502,"comment_status":"open","ping_status":"closed","template":"","meta":{"site-sidebar-layout":"default","site-content-layout":"","ast-site-content-layout":"default","site-content-style":"default","site-sidebar-style":"default","ast-global-header-display":"","ast-banner-title-visibility":"","ast-main-header-display":"","ast-hfb-above-header-display":"","ast-hfb-below-header-display":"","ast-hfb-mobile-header-display":"","site-post-title":"","ast-breadcrumbs-content":"","ast-featured-img":"","footer-sml-layout":"","theme-transparent-header-meta":"default","adv-header-id-meta":"","stick-header-meta":"","header-above-stick-meta":"","header-main-stick-meta":"","header-below-stick-meta":"","astra-migrate-meta-layouts":"set","ast-page-background-enabled":"default","ast-page-background-meta":{"desktop":{"background-color":"","background-image":"","background-repeat":"repeat","background-position":"center center","background-size":"auto","background-attachment":"scroll","background-type":"","background-media":"","overlay-type":"","overlay-color":"","overlay-gradient":""},"tablet":{"background-color":"","background-image":"","background-repeat":"repeat","background-position":"center center","background-size":"auto","background-attachment":"scroll","background-type":"","background-media":"","overlay-type":"","overlay-color":"","overlay-gradient":""},"mobile":{"background-color":"","background-image":"","background-repeat":"repeat","background-position":"center center","background-size":"auto","background-attachment":"scroll","background-type":"","background-media":"","overlay-type":"","overlay-color":"","overlay-gradient":""}},"ast-content-background-meta":{"desktop":{"background-color":"var(--ast-global-color-5)","background-image":"","background-repeat":"repeat","background-position":"center center","background-size":"auto","background-attachment":"scroll","background-type":"","background-media":"","overlay-type":"","overlay-color":"","overlay-gradient":""},"tablet":{"background-color":"var(--ast-global-color-5)","background-image":"","background-repeat":"repeat","background-position":"center center","background-size":"auto","background-attachment":"scroll","background-type":"","background-media":"","overlay-type":"","overlay-color":"","overlay-gradient":""},"mobile":{"background-color":"var(--ast-global-color-5)","background-image":"","background-repeat":"repeat","background-position":"center center","background-size":"auto","background-attachment":"scroll","background-type":"","background-media":"","overlay-type":"","overlay-color":"","overlay-gradient":""}}},"product_cat":[56,25],"product_tag":[],"class_list":{"0":"post-6044","1":"product","2":"type-product","3":"status-publish","4":"has-post-thumbnail","6":"product_cat-bien-etre-masculin","7":"product_cat-phythotherapie","8":"desktop-align-center","9":"tablet-align-center","10":"mobile-align-center","12":"first","13":"instock","14":"taxable","15":"shipping-taxable","16":"purchasable","17":"product-type-simple"},"_links":{"self":[{"href":"https:\/\/alliancesmieuxetre.fr\/index.php\/wp-json\/wp\/v2\/product\/6044","targetHints":{"allow":["GET"]}}],"collection":[{"href":"https:\/\/alliancesmieuxetre.fr\/index.php\/wp-json\/wp\/v2\/product"}],"about":[{"href":"https:\/\/alliancesmieuxetre.fr\/index.php\/wp-json\/wp\/v2\/types\/product"}],"replies":[{"embeddable":true,"href":"https:\/\/alliancesmieuxetre.fr\/index.php\/wp-json\/wp\/v2\/comments?post=6044"}],"wp:featuredmedia":[{"embeddable":true,"href":"https:\/\/alliancesmieuxetre.fr\/index.php\/wp-json\/wp\/v2\/media\/6502"}],"wp:attachment":[{"href":"https:\/\/alliancesmieuxetre.fr\/index.php\/wp-json\/wp\/v2\/media?parent=6044"}],"wp:term":[{"taxonomy":"product_cat","embeddable":true,"href":"https:\/\/alliancesmieuxetre.fr\/index.php\/wp-json\/wp\/v2\/product_cat?post=6044"},{"taxonomy":"product_tag","embeddable":true,"href":"https:\/\/alliancesmieuxetre.fr\/index.php\/wp-json\/wp\/v2\/product_tag?post=6044"}],"curies":[{"name":"wp","href":"https:\/\/api.w.org\/{rel}","templated":true}]}}