{"id":6041,"date":"2024-02-04T11:31:51","date_gmt":"2024-02-04T10:31:51","guid":{"rendered":"https:\/\/alliancesmieuxetre.fr\/?post_type=product&#038;p=6041"},"modified":"2024-05-07T14:57:10","modified_gmt":"2024-05-07T12:57:10","slug":"ubiquinone-100mg-60gel-p59","status":"publish","type":"product","link":"https:\/\/alliancesmieuxetre.fr\/index.php\/product\/ubiquinone-100mg-60gel-p59\/","title":{"rendered":"UBIQUINONE 100mg 60g\u00e9l. p59"},"content":{"rendered":"<ul>\n<li>Mon taux de lipides circulants est anormalement \u00e9lev\u00e9<\/li>\n<li>Ma tension art\u00e9rielle est anormalement \u00e9lev\u00e9e<\/li>\n<li>Je suis un traitement \u00e0 base de statines<\/li>\n<li>Je souhaite me prot\u00e9ger de toute affection d\u00e9g\u00e9n\u00e9rative c\u00e9r\u00e9brale<\/li>\n<li>Le plus important anti-oxydant cellulaire<\/li>\n<\/ul>\n","protected":false},"excerpt":{"rendered":"<div id=\"product-description-1228\" class=\"product-description\">\n<p><strong>LES PRODUITS COMPL\u00c9MENTAIRE<\/strong><\/p>\n<p><strong>Nutrith\u00e9rapie\/PHYTOTH\u00c9RAPIE<\/strong><\/p>\n<ul>\n<li>EPA+, DHA+ (Om\u00e9ga 3)<\/li>\n<li>L\u00e9cithine de soja<\/li>\n<li>N\u00b01 Complex Cardio<\/li>\n<li>N\u00b029 Complex Cholest\u00e9rol<\/li>\n<li>N\u00b033 Complex Mg Q10 B6 L-Taurine<\/li>\n<li>N\u00b047 Choline Inositol<\/li>\n<li>N\u00b050 Polycosanol + E<\/li>\n<\/ul>\n<p><strong>Gemmoth\u00e9rapie<\/strong><\/p>\n<ul>\n<li>N\u00b003 Cardio<\/li>\n<li>N\u00b014 Cholest\u00e9rol<\/li>\n<li>N\u00b031 R\u00e9g\u00e9n\u00e9ration AO<\/li>\n<\/ul>\n<\/div>\n<div class=\"tabs\">\n<ul class=\"nav nav-tabs flex\" role=\"tablist\">\n<li class=\"nav-item\"><a class=\"nav-link active js-product-nav-active\" role=\"tab\" href=\"https:\/\/biodome.be\/anti-vieillissement\/1228-ubiquinone-100-mg.html#description\" data-toggle=\"tab\" aria-controls=\"description\" aria-selected=\"true\">Indications et conseils<\/a><\/li>\n<li class=\"nav-item\"><a class=\"nav-link\" role=\"tab\" href=\"https:\/\/biodome.be\/anti-vieillissement\/1228-ubiquinone-100-mg.html#composition\" data-toggle=\"tab\" aria-controls=\"composition\" aria-selected=\"true\">Formule<\/a><\/li>\n<li class=\"nav-item\"><a class=\"nav-link\" role=\"tab\" href=\"https:\/\/biodome.be\/anti-vieillissement\/1228-ubiquinone-100-mg.html#allegations\" data-toggle=\"tab\" aria-controls=\"allegations\" aria-selected=\"true\">All\u00e9gations de sant\u00e9 sp\u00e9cifiques<\/a><\/li>\n<li class=\"nav-item\"><a class=\"nav-link\" role=\"tab\" href=\"https:\/\/biodome.be\/anti-vieillissement\/1228-ubiquinone-100-mg.html#caution\" data-toggle=\"tab\" aria-controls=\"caution\" aria-selected=\"true\">Pr\u00e9cautions<\/a><\/li>\n<li class=\"nav-item\"><a class=\"nav-link\" role=\"tab\" href=\"https:\/\/biodome.be\/anti-vieillissement\/1228-ubiquinone-100-mg.html#product-details\" data-toggle=\"tab\" aria-controls=\"product-details\" aria-selected=\"true\">Mentions l\u00e9gales<\/a><\/li>\n<\/ul>\n<div id=\"tab-content\" class=\"tab-content\">\n<div id=\"description\" class=\"tab-pane fade in active js-product-tab-active\" role=\"tabpanel\">\n<div class=\"product-description\">\n<h3>Indications et conseils<\/h3>\n<p>voie orale &#8211; 1 caps. \/j. &#8211; aux repas<\/p>\n<\/div>\n<\/div>\n<\/div>\n<\/div>\n","protected":false},"featured_media":6567,"comment_status":"open","ping_status":"closed","template":"","meta":{"site-sidebar-layout":"default","site-content-layout":"","ast-site-content-layout":"default","site-content-style":"default","site-sidebar-style":"default","ast-global-header-display":"","ast-banner-title-visibility":"","ast-main-header-display":"","ast-hfb-above-header-display":"","ast-hfb-below-header-display":"","ast-hfb-mobile-header-display":"","site-post-title":"","ast-breadcrumbs-content":"","ast-featured-img":"","footer-sml-layout":"","theme-transparent-header-meta":"default","adv-header-id-meta":"","stick-header-meta":"","header-above-stick-meta":"","header-main-stick-meta":"","header-below-stick-meta":"","astra-migrate-meta-layouts":"set","ast-page-background-enabled":"default","ast-page-background-meta":{"desktop":{"background-color":"","background-image":"","background-repeat":"repeat","background-position":"center center","background-size":"auto","background-attachment":"scroll","background-type":"","background-media":"","overlay-type":"","overlay-color":"","overlay-gradient":""},"tablet":{"background-color":"","background-image":"","background-repeat":"repeat","background-position":"center center","background-size":"auto","background-attachment":"scroll","background-type":"","background-media":"","overlay-type":"","overlay-color":"","overlay-gradient":""},"mobile":{"background-color":"","background-image":"","background-repeat":"repeat","background-position":"center center","background-size":"auto","background-attachment":"scroll","background-type":"","background-media":"","overlay-type":"","overlay-color":"","overlay-gradient":""}},"ast-content-background-meta":{"desktop":{"background-color":"var(--ast-global-color-5)","background-image":"","background-repeat":"repeat","background-position":"center center","background-size":"auto","background-attachment":"scroll","background-type":"","background-media":"","overlay-type":"","overlay-color":"","overlay-gradient":""},"tablet":{"background-color":"var(--ast-global-color-5)","background-image":"","background-repeat":"repeat","background-position":"center center","background-size":"auto","background-attachment":"scroll","background-type":"","background-media":"","overlay-type":"","overlay-color":"","overlay-gradient":""},"mobile":{"background-color":"var(--ast-global-color-5)","background-image":"","background-repeat":"repeat","background-position":"center center","background-size":"auto","background-attachment":"scroll","background-type":"","background-media":"","overlay-type":"","overlay-color":"","overlay-gradient":""}}},"product_cat":[41,50],"product_tag":[],"class_list":{"0":"post-6041","1":"product","2":"type-product","3":"status-publish","4":"has-post-thumbnail","6":"product_cat-antioxydant","7":"product_cat-sante-cellulaire","8":"desktop-align-center","9":"tablet-align-center","10":"mobile-align-center","12":"first","13":"instock","14":"taxable","15":"shipping-taxable","16":"purchasable","17":"product-type-simple"},"_links":{"self":[{"href":"https:\/\/alliancesmieuxetre.fr\/index.php\/wp-json\/wp\/v2\/product\/6041","targetHints":{"allow":["GET"]}}],"collection":[{"href":"https:\/\/alliancesmieuxetre.fr\/index.php\/wp-json\/wp\/v2\/product"}],"about":[{"href":"https:\/\/alliancesmieuxetre.fr\/index.php\/wp-json\/wp\/v2\/types\/product"}],"replies":[{"embeddable":true,"href":"https:\/\/alliancesmieuxetre.fr\/index.php\/wp-json\/wp\/v2\/comments?post=6041"}],"wp:featuredmedia":[{"embeddable":true,"href":"https:\/\/alliancesmieuxetre.fr\/index.php\/wp-json\/wp\/v2\/media\/6567"}],"wp:attachment":[{"href":"https:\/\/alliancesmieuxetre.fr\/index.php\/wp-json\/wp\/v2\/media?parent=6041"}],"wp:term":[{"taxonomy":"product_cat","embeddable":true,"href":"https:\/\/alliancesmieuxetre.fr\/index.php\/wp-json\/wp\/v2\/product_cat?post=6041"},{"taxonomy":"product_tag","embeddable":true,"href":"https:\/\/alliancesmieuxetre.fr\/index.php\/wp-json\/wp\/v2\/product_tag?post=6041"}],"curies":[{"name":"wp","href":"https:\/\/api.w.org\/{rel}","templated":true}]}}