{"id":6036,"date":"2024-02-04T11:06:53","date_gmt":"2024-02-04T10:06:53","guid":{"rendered":"https:\/\/alliancesmieuxetre.fr\/?post_type=product&#038;p=6036"},"modified":"2024-03-27T13:41:57","modified_gmt":"2024-03-27T12:41:57","slug":"lithotamne-550mg-90gel-p21","status":"publish","type":"product","link":"https:\/\/alliancesmieuxetre.fr\/index.php\/product\/lithotamne-550mg-90gel-p21\/","title":{"rendered":"LITHOTAMNE 550mg 90g\u00e9l. p21"},"content":{"rendered":"<p>Je suis fatigu\u00e9 physiquement et nerveusement (Magn\u00e9sium Marin).<br \/>\nJ\u2019ai des aigreurs d\u2019estomac voire de l\u2019acidose tissulaire (Calcium marin)<br \/>\nMes ongles sont stri\u00e9s, je perds mes cheveux, j\u2019ai des crampes musculaires (Calcium Marin et Magn\u00e9sium Marin)<\/p>\n<p>Est l\u2019excipient de choix de la gamme Equi-Nutri, ce qui fournit un apport de cofacteurs biodisponibles lors de chaque prise de compl\u00e9ments. Le lithothamne est parfois remplac\u00e9 par le Moringa bio ou la Spiruline Bio<\/p>\n<p>LES PRODUITS COMPL\u00c9MENTAIRES<\/p>\n<p>Nutrith\u00e9rapie\/PHYTOTH\u00c9RAPIE<\/p>\n<p>Moringa Extra<br \/>\nSpiruline Extra<br \/>\nN\u00b011 Complex Vit B<br \/>\nN\u00b033 Mg Coq10 L-Taurine B6<br \/>\nN\u00b051 Capital pH<\/p>\n<p>Gemmoth\u00e9rapie<\/p>\n<p>S\u00e8ve de bouleau, Bouleau<br \/>\nN\u00b005 D\u00e9puratif<br \/>\nN\u00b011 Vitalit\u00e9<br \/>\nN\u00b029 R\u00e9cup\u00e9ration (physique)<\/p>\n","protected":false},"excerpt":{"rendered":"<p>Je suis fatigu\u00e9 physiquement et nerveusement (Magn\u00e9sium Marin).<br \/>\nJ\u2019ai des aigreurs d\u2019estomac voire de l\u2019acidose tissulaire (Calcium marin)<br \/>\nMes ongles sont stri\u00e9s, je perds mes cheveux, j\u2019ai des crampes musculaires (Calcium Marin et Magn\u00e9sium Marin)<\/p>\n<p>Est l\u2019excipient de choix de la gamme Equi-Nutri, ce qui fournit un apport de cofacteurs biodisponibles lors de chaque prise de compl\u00e9ments. Le lithothamne est parfois remplac\u00e9 par le Moringa bio ou la Spiruline Bio<\/p>\n<p>LES PRODUITS COMPL\u00c9MENTAIRES<\/p>\n<p>Nutrith\u00e9rapie\/PHYTOTH\u00c9RAPIE<\/p>\n<p>Moringa Extra<br \/>\nSpiruline Extra<br \/>\nN\u00b011 Complex Vit B<br \/>\nN\u00b033 Mg Coq10 L-Taurine B6<br \/>\nN\u00b051 Capital pH<\/p>\n<p>Gemmoth\u00e9rapie<\/p>\n<p>S\u00e8ve de bouleau, Bouleau<br \/>\nN\u00b005 D\u00e9puratif<br \/>\nN\u00b011 Vitalit\u00e9<br \/>\nN\u00b029 R\u00e9cup\u00e9ration (physique)<\/p>\n","protected":false},"featured_media":6446,"comment_status":"open","ping_status":"closed","template":"","meta":{"site-sidebar-layout":"default","site-content-layout":"","ast-site-content-layout":"default","site-content-style":"default","site-sidebar-style":"default","ast-global-header-display":"","ast-banner-title-visibility":"","ast-main-header-display":"","ast-hfb-above-header-display":"","ast-hfb-below-header-display":"","ast-hfb-mobile-header-display":"","site-post-title":"","ast-breadcrumbs-content":"","ast-featured-img":"","footer-sml-layout":"","theme-transparent-header-meta":"default","adv-header-id-meta":"","stick-header-meta":"","header-above-stick-meta":"","header-main-stick-meta":"","header-below-stick-meta":"","astra-migrate-meta-layouts":"set","ast-page-background-enabled":"default","ast-page-background-meta":{"desktop":{"background-color":"","background-image":"","background-repeat":"repeat","background-position":"center center","background-size":"auto","background-attachment":"scroll","background-type":"","background-media":"","overlay-type":"","overlay-color":"","overlay-gradient":""},"tablet":{"background-color":"","background-image":"","background-repeat":"repeat","background-position":"center center","background-size":"auto","background-attachment":"scroll","background-type":"","background-media":"","overlay-type":"","overlay-color":"","overlay-gradient":""},"mobile":{"background-color":"","background-image":"","background-repeat":"repeat","background-position":"center center","background-size":"auto","background-attachment":"scroll","background-type":"","background-media":"","overlay-type":"","overlay-color":"","overlay-gradient":""}},"ast-content-background-meta":{"desktop":{"background-color":"var(--ast-global-color-5)","background-image":"","background-repeat":"repeat","background-position":"center center","background-size":"auto","background-attachment":"scroll","background-type":"","background-media":"","overlay-type":"","overlay-color":"","overlay-gradient":""},"tablet":{"background-color":"var(--ast-global-color-5)","background-image":"","background-repeat":"repeat","background-position":"center center","background-size":"auto","background-attachment":"scroll","background-type":"","background-media":"","overlay-type":"","overlay-color":"","overlay-gradient":""},"mobile":{"background-color":"var(--ast-global-color-5)","background-image":"","background-repeat":"repeat","background-position":"center center","background-size":"auto","background-attachment":"scroll","background-type":"","background-media":"","overlay-type":"","overlay-color":"","overlay-gradient":""}}},"product_cat":[63,32],"product_tag":[],"class_list":{"0":"post-6036","1":"product","2":"type-product","3":"status-publish","4":"has-post-thumbnail","6":"product_cat-mineraux-et-oligoelements","7":"product_cat-nutritherapie","8":"desktop-align-center","9":"tablet-align-center","10":"mobile-align-center","12":"first","13":"instock","14":"taxable","15":"shipping-taxable","16":"purchasable","17":"product-type-simple"},"_links":{"self":[{"href":"https:\/\/alliancesmieuxetre.fr\/index.php\/wp-json\/wp\/v2\/product\/6036","targetHints":{"allow":["GET"]}}],"collection":[{"href":"https:\/\/alliancesmieuxetre.fr\/index.php\/wp-json\/wp\/v2\/product"}],"about":[{"href":"https:\/\/alliancesmieuxetre.fr\/index.php\/wp-json\/wp\/v2\/types\/product"}],"replies":[{"embeddable":true,"href":"https:\/\/alliancesmieuxetre.fr\/index.php\/wp-json\/wp\/v2\/comments?post=6036"}],"wp:featuredmedia":[{"embeddable":true,"href":"https:\/\/alliancesmieuxetre.fr\/index.php\/wp-json\/wp\/v2\/media\/6446"}],"wp:attachment":[{"href":"https:\/\/alliancesmieuxetre.fr\/index.php\/wp-json\/wp\/v2\/media?parent=6036"}],"wp:term":[{"taxonomy":"product_cat","embeddable":true,"href":"https:\/\/alliancesmieuxetre.fr\/index.php\/wp-json\/wp\/v2\/product_cat?post=6036"},{"taxonomy":"product_tag","embeddable":true,"href":"https:\/\/alliancesmieuxetre.fr\/index.php\/wp-json\/wp\/v2\/product_tag?post=6036"}],"curies":[{"name":"wp","href":"https:\/\/api.w.org\/{rel}","templated":true}]}}