{"id":5722,"date":"2024-01-12T17:06:31","date_gmt":"2024-01-12T16:06:31","guid":{"rendered":"https:\/\/alliancesmieuxetre.fr\/index.php\/product\/n23-srnit\/"},"modified":"2024-03-14T11:12:55","modified_gmt":"2024-03-14T10:12:55","slug":"n23-serenite","status":"publish","type":"product","link":"https:\/\/alliancesmieuxetre.fr\/index.php\/product\/n23-serenite\/","title":{"rendered":"N\u00b023 SERENITE 30ml (figuier,cassis,orme) p36"},"content":{"rendered":"<p><strong>Mac\u00e9rat Glyc\u00e9rin\u00e9 Concentr\u00e9 Bio<\/strong><\/p>\n<ul>\n<li>Le complexe r\u00e9gule le stress \u00e0 long terme (effet s\u00e9rotonine-like) et augmenter la r\u00e9sistance physique et psychique. Il am\u00e9liore le sommeil profond et paradoxal et permet le l\u00e2cher-prise. Il peut \u00eatre utilis\u00e9 comme solution de secours en cas de choc \u00e9motionnel (dose de 2 \u00e0 3 gouttes toutes les heures) ou en cure de fond sur une longue p\u00e9riode<\/li>\n<\/ul>\n","protected":false},"excerpt":{"rendered":"<h3>Indications et conseils<\/h3>\n<p>&nbsp;<\/p>\n<p><strong>Posologie<\/strong><\/p>\n<ul>\n<li>Pour adulte : 5-10 gouttes\/jour, pures ou dilu\u00e9es dans une eau de source. En dehors des repas<\/li>\n<li>Pour votre enfant: A partir de 3 ans : 1 goutte\/ann\u00e9e d&rsquo;\u00e2ge; A partir de 10 ans : Voir adulte<\/li>\n<li>Pour votre animal de compagnie : 1-3 gouttes\/ 10kg de poids dans la gamelle d&rsquo;eau ou verser quelques gouttes dans la paume de la main et caresser votre animal qui se l\u00e8che<\/li>\n<li>Plan \u00e9motionnel\/\u00e9nerg\u00e9tique : 1 goutte\/jour pendant 3 mois<\/li>\n<\/ul>\n<p><strong>Pr\u00e9cautions d&#8217;emplo<\/strong>i<\/p>\n<ul>\n<li>Aucunes<\/li>\n<\/ul>\n","protected":false},"featured_media":5803,"comment_status":"open","ping_status":"closed","template":"","meta":{"site-sidebar-layout":"default","site-content-layout":"","ast-site-content-layout":"default","site-content-style":"default","site-sidebar-style":"default","ast-global-header-display":"","ast-banner-title-visibility":"","ast-main-header-display":"","ast-hfb-above-header-display":"","ast-hfb-below-header-display":"","ast-hfb-mobile-header-display":"","site-post-title":"","ast-breadcrumbs-content":"","ast-featured-img":"","footer-sml-layout":"","theme-transparent-header-meta":"default","adv-header-id-meta":"","stick-header-meta":"","header-above-stick-meta":"","header-main-stick-meta":"","header-below-stick-meta":"","astra-migrate-meta-layouts":"set","ast-page-background-enabled":"default","ast-page-background-meta":{"desktop":{"background-color":"","background-image":"","background-repeat":"repeat","background-position":"center center","background-size":"auto","background-attachment":"scroll","background-type":"","background-media":"","overlay-type":"","overlay-color":"","overlay-gradient":""},"tablet":{"background-color":"","background-image":"","background-repeat":"repeat","background-position":"center center","background-size":"auto","background-attachment":"scroll","background-type":"","background-media":"","overlay-type":"","overlay-color":"","overlay-gradient":""},"mobile":{"background-color":"","background-image":"","background-repeat":"repeat","background-position":"center center","background-size":"auto","background-attachment":"scroll","background-type":"","background-media":"","overlay-type":"","overlay-color":"","overlay-gradient":""}},"ast-content-background-meta":{"desktop":{"background-color":"var(--ast-global-color-5)","background-image":"","background-repeat":"repeat","background-position":"center center","background-size":"auto","background-attachment":"scroll","background-type":"","background-media":"","overlay-type":"","overlay-color":"","overlay-gradient":""},"tablet":{"background-color":"var(--ast-global-color-5)","background-image":"","background-repeat":"repeat","background-position":"center center","background-size":"auto","background-attachment":"scroll","background-type":"","background-media":"","overlay-type":"","overlay-color":"","overlay-gradient":""},"mobile":{"background-color":"var(--ast-global-color-5)","background-image":"","background-repeat":"repeat","background-position":"center center","background-size":"auto","background-attachment":"scroll","background-type":"","background-media":"","overlay-type":"","overlay-color":"","overlay-gradient":""}}},"product_cat":[24,46,64],"product_tag":[],"class_list":{"0":"post-5722","1":"product","2":"type-product","3":"status-publish","4":"has-post-thumbnail","6":"product_cat-gemmotherapie","7":"product_cat-les-complexes","8":"product_cat-stress-et-sommeil","9":"desktop-align-center","10":"tablet-align-center","11":"mobile-align-center","13":"first","14":"instock","15":"taxable","16":"shipping-taxable","17":"purchasable","18":"product-type-simple"},"_links":{"self":[{"href":"https:\/\/alliancesmieuxetre.fr\/index.php\/wp-json\/wp\/v2\/product\/5722","targetHints":{"allow":["GET"]}}],"collection":[{"href":"https:\/\/alliancesmieuxetre.fr\/index.php\/wp-json\/wp\/v2\/product"}],"about":[{"href":"https:\/\/alliancesmieuxetre.fr\/index.php\/wp-json\/wp\/v2\/types\/product"}],"replies":[{"embeddable":true,"href":"https:\/\/alliancesmieuxetre.fr\/index.php\/wp-json\/wp\/v2\/comments?post=5722"}],"wp:featuredmedia":[{"embeddable":true,"href":"https:\/\/alliancesmieuxetre.fr\/index.php\/wp-json\/wp\/v2\/media\/5803"}],"wp:attachment":[{"href":"https:\/\/alliancesmieuxetre.fr\/index.php\/wp-json\/wp\/v2\/media?parent=5722"}],"wp:term":[{"taxonomy":"product_cat","embeddable":true,"href":"https:\/\/alliancesmieuxetre.fr\/index.php\/wp-json\/wp\/v2\/product_cat?post=5722"},{"taxonomy":"product_tag","embeddable":true,"href":"https:\/\/alliancesmieuxetre.fr\/index.php\/wp-json\/wp\/v2\/product_tag?post=5722"}],"curies":[{"name":"wp","href":"https:\/\/api.w.org\/{rel}","templated":true}]}}