{"id":5711,"date":"2024-01-12T17:06:29","date_gmt":"2024-01-12T16:06:29","guid":{"rendered":"https:\/\/alliancesmieuxetre.fr\/index.php\/product\/n12-retour-veineux\/"},"modified":"2024-03-14T10:30:20","modified_gmt":"2024-03-14T09:30:20","slug":"n12-retour-veineux","status":"publish","type":"product","link":"https:\/\/alliancesmieuxetre.fr\/index.php\/product\/n12-retour-veineux\/","title":{"rendered":"N\u00b012 RETOUR VEINEUX 30ml ( marronnier,ch\u00e2taignier,noisetier) p54"},"content":{"rendered":"<p><strong>Mac\u00e9rat Glyc\u00e9rin\u00e9 Concentr\u00e9 Bio <\/strong><\/p>\n<ul>\n<li>Le complexe aide \u00e0 l\u2019\u00e9lasticit\u00e9 et la souplesse des parois vasculaires et am\u00e9liore ainsi la circulation veineuse et lymphatique. Il est indiqu\u00e9 dans le cas de jambes lourdes, varices et r\u00e9tention d\u2019eau. Les syndromes pr\u00e9menstruels tout comme les affections des veines du canal anal peuvent \u00e9galement \u00eatre soulag\u00e9es avec ce complexe<br \/>\n<strong><br \/>\n<\/strong><\/li>\n<\/ul>\n","protected":false},"excerpt":{"rendered":"<p>&nbsp;<\/p>\n<div class=\"container\">\n<div class=\"row\">\n<div id=\"content-wrapper\" class=\"js-content-wrapper col-xs-12\">\n<section id=\"main\">\n<div class=\"row product-container js-product-container\">\n<div class=\"col-md-8\">\n<div class=\"product-information\">\n<div class=\"tabs\">\n<div id=\"tab-content\" class=\"tab-content\">\n<div id=\"description\" class=\"tab-pane fade in active js-product-tab-active\" role=\"tabpanel\">\n<div class=\"product-description\">\n<h3>Indications et conseils<\/h3>\n<p>&nbsp;<\/p>\n<p><strong>Posologie<\/strong><\/p>\n<ul>\n<li>Pour adulte : 5-10 gouttes\/jour, pures ou dilu\u00e9es dans une eau de source. En dehors des repas<\/li>\n<li>Pour votre enfant: A partir de 3 ans : 1 goutte\/ann\u00e9e d&rsquo;\u00e2ge; A partir de 10 ans : Voir adulte<\/li>\n<li>Pour votre animal de compagnie : 1-3 gouttes\/ 10kg de poids dans la gamelle d&rsquo;eau ou verser quelques gouttes dans la paume de la main et caresser votre animal qui se l\u00e8che<\/li>\n<li>Plan \u00e9motionnel\/\u00e9nerg\u00e9tique : 1 goutte\/jour pendant 3 mois<\/li>\n<\/ul>\n<p><strong>Pr\u00e9cautions d&#8217;emplo<\/strong>i<\/p>\n<ul>\n<li>Consultez votre m\u00e9decin en cas de prise simultan\u00e9e d\u2019anticoagulants<\/li>\n<\/ul>\n<\/div>\n<\/div>\n<\/div>\n<\/div>\n<\/div>\n<\/div>\n<\/div>\n<footer class=\"page-footer\"><\/footer>\n<\/section>\n<\/div>\n<\/div>\n<\/div>\n<p>&nbsp;<\/p>\n<footer id=\"footer\" class=\"js-footer\">\n<div class=\"container\">\n<div class=\"row\"><\/div>\n<\/div>\n<\/footer>\n","protected":false},"featured_media":5792,"comment_status":"open","ping_status":"closed","template":"","meta":{"site-sidebar-layout":"default","site-content-layout":"","ast-site-content-layout":"default","site-content-style":"default","site-sidebar-style":"default","ast-global-header-display":"","ast-banner-title-visibility":"","ast-main-header-display":"","ast-hfb-above-header-display":"","ast-hfb-below-header-display":"","ast-hfb-mobile-header-display":"","site-post-title":"","ast-breadcrumbs-content":"","ast-featured-img":"","footer-sml-layout":"","theme-transparent-header-meta":"default","adv-header-id-meta":"","stick-header-meta":"","header-above-stick-meta":"","header-main-stick-meta":"","header-below-stick-meta":"","astra-migrate-meta-layouts":"set","ast-page-background-enabled":"default","ast-page-background-meta":{"desktop":{"background-color":"","background-image":"","background-repeat":"repeat","background-position":"center center","background-size":"auto","background-attachment":"scroll","background-type":"","background-media":"","overlay-type":"","overlay-color":"","overlay-gradient":""},"tablet":{"background-color":"","background-image":"","background-repeat":"repeat","background-position":"center center","background-size":"auto","background-attachment":"scroll","background-type":"","background-media":"","overlay-type":"","overlay-color":"","overlay-gradient":""},"mobile":{"background-color":"","background-image":"","background-repeat":"repeat","background-position":"center center","background-size":"auto","background-attachment":"scroll","background-type":"","background-media":"","overlay-type":"","overlay-color":"","overlay-gradient":""}},"ast-content-background-meta":{"desktop":{"background-color":"var(--ast-global-color-5)","background-image":"","background-repeat":"repeat","background-position":"center center","background-size":"auto","background-attachment":"scroll","background-type":"","background-media":"","overlay-type":"","overlay-color":"","overlay-gradient":""},"tablet":{"background-color":"var(--ast-global-color-5)","background-image":"","background-repeat":"repeat","background-position":"center center","background-size":"auto","background-attachment":"scroll","background-type":"","background-media":"","overlay-type":"","overlay-color":"","overlay-gradient":""},"mobile":{"background-color":"var(--ast-global-color-5)","background-image":"","background-repeat":"repeat","background-position":"center center","background-size":"auto","background-attachment":"scroll","background-type":"","background-media":"","overlay-type":"","overlay-color":"","overlay-gradient":""}}},"product_cat":[24,46,57],"product_tag":[],"class_list":{"0":"post-5711","1":"product","2":"type-product","3":"status-publish","4":"has-post-thumbnail","6":"product_cat-gemmotherapie","7":"product_cat-les-complexes","8":"product_cat-systeme-circulatoire","9":"desktop-align-center","10":"tablet-align-center","11":"mobile-align-center","13":"first","14":"instock","15":"taxable","16":"shipping-taxable","17":"purchasable","18":"product-type-simple"},"_links":{"self":[{"href":"https:\/\/alliancesmieuxetre.fr\/index.php\/wp-json\/wp\/v2\/product\/5711","targetHints":{"allow":["GET"]}}],"collection":[{"href":"https:\/\/alliancesmieuxetre.fr\/index.php\/wp-json\/wp\/v2\/product"}],"about":[{"href":"https:\/\/alliancesmieuxetre.fr\/index.php\/wp-json\/wp\/v2\/types\/product"}],"replies":[{"embeddable":true,"href":"https:\/\/alliancesmieuxetre.fr\/index.php\/wp-json\/wp\/v2\/comments?post=5711"}],"wp:featuredmedia":[{"embeddable":true,"href":"https:\/\/alliancesmieuxetre.fr\/index.php\/wp-json\/wp\/v2\/media\/5792"}],"wp:attachment":[{"href":"https:\/\/alliancesmieuxetre.fr\/index.php\/wp-json\/wp\/v2\/media?parent=5711"}],"wp:term":[{"taxonomy":"product_cat","embeddable":true,"href":"https:\/\/alliancesmieuxetre.fr\/index.php\/wp-json\/wp\/v2\/product_cat?post=5711"},{"taxonomy":"product_tag","embeddable":true,"href":"https:\/\/alliancesmieuxetre.fr\/index.php\/wp-json\/wp\/v2\/product_tag?post=5711"}],"curies":[{"name":"wp","href":"https:\/\/api.w.org\/{rel}","templated":true}]}}