{"id":5684,"date":"2024-01-12T17:06:23","date_gmt":"2024-01-12T16:06:23","guid":{"rendered":"https:\/\/alliancesmieuxetre.fr\/index.php\/product\/prunellier\/"},"modified":"2024-02-24T14:00:36","modified_gmt":"2024-02-24T13:00:36","slug":"prunellier","status":"publish","type":"product","link":"https:\/\/alliancesmieuxetre.fr\/index.php\/product\/prunellier\/","title":{"rendered":"PRUNELLIER 30ml p32"},"content":{"rendered":"<p><strong>Mac\u00e9rat Glyc\u00e9rin\u00e9 Concentr\u00e9 Bio<\/strong><\/p>\n<ul>\n<li>Le bourgeon \u00e0 large spectre<\/li>\n<li>Action tonifiante et adaptog\u00e8ne: stimulant g\u00e9n\u00e9ral : abr\u00e8ge la p\u00e9riode de convalescence<\/li>\n<li>Action immunitaire : soutient l\u2019immunit\u00e9 dans les changements de saison, en association avec l\u2019argousier. Aid\u00e9 \u00e0 r\u00e9cup\u00e9rer apr\u00e8s une baisse d&rsquo;immunit\u00e9<\/li>\n<li>Combat la prolif\u00e9ration de cellules anormales<\/li>\n<li>Actions cardio-vasculaire: similaires \u00e0 ceux de l\u2019aub\u00e9pine Antispasmodique cardio-vasculaire, musculaire. Diur\u00e9tique en cas r\u00e9tention d\u2019eau de nature cardiaque<\/li>\n<li>Action uro-g\u00e9nital: Combat la r\u00e9tention d\u2019eau d\u2019origine r\u00e9nale (associ\u00e9 au Bouleau et H\u00eatre) Congestion ut\u00e9rine<\/li>\n<li>D\u00e9toxication de l\u2019organisme: Action au niveau du syst\u00e8me intestinale. Aide \u00e0 \u00e9liminer les toxines pr\u00e9sentes dans l\u2019organisme, constipation. Aide \u00e0 \u00e9liminer les polluants environnementaux. Renforce la barri\u00e8re intestinale (leaky gut), en association avec le noyer<\/li>\n<li>Action sur la circulation oculaire (antispasmodique): Efficace pour les n\u00e9vralgies ciliaires, spasmes des paupi\u00e8res. Conjonctivite, hypertension oculaire (associ\u00e9 au tilleul), d\u00e9but de cataracte (associ\u00e9 au saule)<\/li>\n<li>Action cutan\u00e9e: donne de bons r\u00e9sultats sur l\u2019acn\u00e9 juv\u00e9nile, en association avec le c\u00e8dre (sec) ou l\u2019orme (suintant)<\/li>\n<\/ul>\n<p><strong><em>Force, pl\u00e9nitude, transition<\/em><\/strong><br \/>\n<em>Le Prunellier* va accompagner l\u2019individu \u00e0 retrouver la confiance en la vie apr\u00e8s une p\u00e9riode difficile et sombre. C\u2019est le bourgeon id\u00e9al qui va permettre durant la phase de transition et un cheminement personnel, de retrouver la force de vie, la solidit\u00e9 int\u00e9rieure ainsi qu\u2019une s\u00e9r\u00e9nit\u00e9 retrouv\u00e9e. Le Prunellier* aide l\u2019individu \u00e0 retrouver une bonne sant\u00e9 physique et psychique<\/em><\/p>\n","protected":false},"excerpt":{"rendered":"<h3>Indications et conseils<\/h3>\n<p>&nbsp;<\/p>\n<p><strong>Posologie<\/strong><\/p>\n<ul>\n<li>Pour adulte : 5-10 gouttes\/jour, pures ou dilu\u00e9es dans une eau de source. En dehors des repas<\/li>\n<li>Pour votre enfant: A partir de 3 ans : 1 goutte\/ann\u00e9e d&rsquo;\u00e2ge; A partir de 10 ans : Voir adulte<\/li>\n<li>Pour votre animal de compagnie : 1-3 gouttes\/ 10kg de poids dans la gamelle d&rsquo;eau ou verser quelques gouttes dans la paume de la main et caresser votre animal qui se l\u00e8che<\/li>\n<li>Plan \u00e9motionnel\/\u00e9nerg\u00e9tique : 1 goutte\/jour pendant 3 mois<\/li>\n<\/ul>\n<p><strong>Pr\u00e9cautions d&#8217;emplo<\/strong>i<\/p>\n<ul>\n<li>Aucunes<\/li>\n<\/ul>\n","protected":false},"featured_media":5822,"comment_status":"open","ping_status":"closed","template":"","meta":{"site-sidebar-layout":"default","site-content-layout":"","ast-site-content-layout":"default","site-content-style":"default","site-sidebar-style":"default","ast-global-header-display":"","ast-banner-title-visibility":"","ast-main-header-display":"","ast-hfb-above-header-display":"","ast-hfb-below-header-display":"","ast-hfb-mobile-header-display":"","site-post-title":"","ast-breadcrumbs-content":"","ast-featured-img":"","footer-sml-layout":"","theme-transparent-header-meta":"default","adv-header-id-meta":"","stick-header-meta":"","header-above-stick-meta":"","header-main-stick-meta":"","header-below-stick-meta":"","astra-migrate-meta-layouts":"set","ast-page-background-enabled":"default","ast-page-background-meta":{"desktop":{"background-color":"","background-image":"","background-repeat":"repeat","background-position":"center center","background-size":"auto","background-attachment":"scroll","background-type":"","background-media":"","overlay-type":"","overlay-color":"","overlay-gradient":""},"tablet":{"background-color":"","background-image":"","background-repeat":"repeat","background-position":"center center","background-size":"auto","background-attachment":"scroll","background-type":"","background-media":"","overlay-type":"","overlay-color":"","overlay-gradient":""},"mobile":{"background-color":"","background-image":"","background-repeat":"repeat","background-position":"center center","background-size":"auto","background-attachment":"scroll","background-type":"","background-media":"","overlay-type":"","overlay-color":"","overlay-gradient":""}},"ast-content-background-meta":{"desktop":{"background-color":"var(--ast-global-color-5)","background-image":"","background-repeat":"repeat","background-position":"center center","background-size":"auto","background-attachment":"scroll","background-type":"","background-media":"","overlay-type":"","overlay-color":"","overlay-gradient":""},"tablet":{"background-color":"var(--ast-global-color-5)","background-image":"","background-repeat":"repeat","background-position":"center center","background-size":"auto","background-attachment":"scroll","background-type":"","background-media":"","overlay-type":"","overlay-color":"","overlay-gradient":""},"mobile":{"background-color":"var(--ast-global-color-5)","background-image":"","background-repeat":"repeat","background-position":"center center","background-size":"auto","background-attachment":"scroll","background-type":"","background-media":"","overlay-type":"","overlay-color":"","overlay-gradient":""}}},"product_cat":[24],"product_tag":[],"class_list":{"0":"post-5684","1":"product","2":"type-product","3":"status-publish","4":"has-post-thumbnail","6":"product_cat-gemmotherapie","7":"desktop-align-center","8":"tablet-align-center","9":"mobile-align-center","11":"first","12":"instock","13":"taxable","14":"shipping-taxable","15":"purchasable","16":"product-type-simple"},"_links":{"self":[{"href":"https:\/\/alliancesmieuxetre.fr\/index.php\/wp-json\/wp\/v2\/product\/5684","targetHints":{"allow":["GET"]}}],"collection":[{"href":"https:\/\/alliancesmieuxetre.fr\/index.php\/wp-json\/wp\/v2\/product"}],"about":[{"href":"https:\/\/alliancesmieuxetre.fr\/index.php\/wp-json\/wp\/v2\/types\/product"}],"replies":[{"embeddable":true,"href":"https:\/\/alliancesmieuxetre.fr\/index.php\/wp-json\/wp\/v2\/comments?post=5684"}],"wp:featuredmedia":[{"embeddable":true,"href":"https:\/\/alliancesmieuxetre.fr\/index.php\/wp-json\/wp\/v2\/media\/5822"}],"wp:attachment":[{"href":"https:\/\/alliancesmieuxetre.fr\/index.php\/wp-json\/wp\/v2\/media?parent=5684"}],"wp:term":[{"taxonomy":"product_cat","embeddable":true,"href":"https:\/\/alliancesmieuxetre.fr\/index.php\/wp-json\/wp\/v2\/product_cat?post=5684"},{"taxonomy":"product_tag","embeddable":true,"href":"https:\/\/alliancesmieuxetre.fr\/index.php\/wp-json\/wp\/v2\/product_tag?post=5684"}],"curies":[{"name":"wp","href":"https:\/\/api.w.org\/{rel}","templated":true}]}}