{"id":5676,"date":"2024-01-12T17:06:22","date_gmt":"2024-01-12T16:06:22","guid":{"rendered":"https:\/\/alliancesmieuxetre.fr\/index.php\/product\/noisetier\/"},"modified":"2024-05-07T14:22:32","modified_gmt":"2024-05-07T12:22:32","slug":"noisetier","status":"publish","type":"product","link":"https:\/\/alliancesmieuxetre.fr\/index.php\/product\/noisetier\/","title":{"rendered":"NOISETIER"},"content":{"rendered":"<ul>\n<li>Action cardio-pulmonaire et anti-scl\u00e9reux: asthme, bronchite chronique, c\u0153ur pulmonaire (= affection cardiaque secondaire \u00e0 une affection pulmonaire), scl\u00e9rose pulmonaire (restaure l\u2019\u00e9lasticit\u00e9 du tissu), scl\u00e9rose des alv\u00e9oles pulmonaires. En accompagnement de traitement des tumeurs pulmonaires<\/li>\n<li>Action sur le Syst\u00e8me nerveux: apport d\u2019om\u00e9ga 3<\/li>\n<li>Action circulatoire, micro-circulation et circulation p\u00e9riph\u00e9rique: jambes lourdes, n\u00e9crose des extr\u00e9mit\u00e9s, scl\u00e9rose vasculaire<\/li>\n<li>Action anti-an\u00e9mique: contribue \u00e0 la synth\u00e8se des globules rouges<\/li>\n<li>Le bourgeon de la personne \u00e2g\u00e9e<\/li>\n<\/ul>\n<p><strong><em>Respiration, lib\u00e9ration, d\u00e9tachement<\/em><\/strong><br \/>\n<em>Le Noisetier* aide \u00e0 lib\u00e9rer une situation d\u2019enfermement, rigidifi\u00e9e et irrespirable. L\u2019individu se sent li\u00e9, ligot\u00e9 dans un filet par peur de perdre ou de manquer avec une tendance \u00e0 l\u2019hyper-protection: \u00ab je veux garder pour moi, en moi et prot\u00e9ger mon acquis \u00bb Le Noisetier* va aider l\u2019individu \u00e0 retrouver une nouvelle confiance en soi et \u00e0 la vie en apprenant \u00e0 \u00e9couter son c\u0153ur et s\u2019ouvrir \u00e0 toutes les possibilit\u00e9s qui s\u2019offrent \u00e0 lui<\/em><\/p>\n","protected":false},"excerpt":{"rendered":"<h3>Indications et conseils<\/h3>\n<p>&nbsp;<\/p>\n<p><strong>Posologie<\/strong><\/p>\n<ul>\n<li>Pour adulte : 5-10 gouttes\/jour, pures ou dilu\u00e9es dans une eau de source. En dehors des repas<\/li>\n<li>Pour votre enfant: A partir de 3 ans : 1 goutte\/ann\u00e9e d&rsquo;\u00e2ge; A partir de 10 ans : Voir adulte<\/li>\n<li>Pour votre animal de compagnie : 1-3 gouttes\/ 10kg de poids dans la gamelle d&rsquo;eau ou verser quelques gouttes dans la paume de la main et caresser votre animal qui se l\u00e8che<\/li>\n<li>Plan \u00e9motionnel\/\u00e9nerg\u00e9tique : 1 goutte\/jour pendant 3 mois<\/li>\n<\/ul>\n<p><strong>Pr\u00e9cautions d&#8217;emplo<\/strong>i<\/p>\n<ul>\n<li>Aucunes<\/li>\n<\/ul>\n","protected":false},"featured_media":6559,"comment_status":"open","ping_status":"closed","template":"","meta":{"site-sidebar-layout":"default","site-content-layout":"","ast-site-content-layout":"default","site-content-style":"default","site-sidebar-style":"default","ast-global-header-display":"","ast-banner-title-visibility":"","ast-main-header-display":"","ast-hfb-above-header-display":"","ast-hfb-below-header-display":"","ast-hfb-mobile-header-display":"","site-post-title":"","ast-breadcrumbs-content":"","ast-featured-img":"","footer-sml-layout":"","theme-transparent-header-meta":"default","adv-header-id-meta":"","stick-header-meta":"","header-above-stick-meta":"","header-main-stick-meta":"","header-below-stick-meta":"","astra-migrate-meta-layouts":"set","ast-page-background-enabled":"default","ast-page-background-meta":{"desktop":{"background-color":"","background-image":"","background-repeat":"repeat","background-position":"center center","background-size":"auto","background-attachment":"scroll","background-type":"","background-media":"","overlay-type":"","overlay-color":"","overlay-gradient":""},"tablet":{"background-color":"","background-image":"","background-repeat":"repeat","background-position":"center center","background-size":"auto","background-attachment":"scroll","background-type":"","background-media":"","overlay-type":"","overlay-color":"","overlay-gradient":""},"mobile":{"background-color":"","background-image":"","background-repeat":"repeat","background-position":"center center","background-size":"auto","background-attachment":"scroll","background-type":"","background-media":"","overlay-type":"","overlay-color":"","overlay-gradient":""}},"ast-content-background-meta":{"desktop":{"background-color":"var(--ast-global-color-5)","background-image":"","background-repeat":"repeat","background-position":"center center","background-size":"auto","background-attachment":"scroll","background-type":"","background-media":"","overlay-type":"","overlay-color":"","overlay-gradient":""},"tablet":{"background-color":"var(--ast-global-color-5)","background-image":"","background-repeat":"repeat","background-position":"center center","background-size":"auto","background-attachment":"scroll","background-type":"","background-media":"","overlay-type":"","overlay-color":"","overlay-gradient":""},"mobile":{"background-color":"var(--ast-global-color-5)","background-image":"","background-repeat":"repeat","background-position":"center center","background-size":"auto","background-attachment":"scroll","background-type":"","background-media":"","overlay-type":"","overlay-color":"","overlay-gradient":""}}},"product_cat":[24],"product_tag":[],"class_list":{"0":"post-5676","1":"product","2":"type-product","3":"status-publish","4":"has-post-thumbnail","6":"product_cat-gemmotherapie","7":"desktop-align-center","8":"tablet-align-center","9":"mobile-align-center","11":"first","12":"instock","13":"taxable","14":"shipping-taxable","15":"purchasable","16":"product-type-simple"},"_links":{"self":[{"href":"https:\/\/alliancesmieuxetre.fr\/index.php\/wp-json\/wp\/v2\/product\/5676","targetHints":{"allow":["GET"]}}],"collection":[{"href":"https:\/\/alliancesmieuxetre.fr\/index.php\/wp-json\/wp\/v2\/product"}],"about":[{"href":"https:\/\/alliancesmieuxetre.fr\/index.php\/wp-json\/wp\/v2\/types\/product"}],"replies":[{"embeddable":true,"href":"https:\/\/alliancesmieuxetre.fr\/index.php\/wp-json\/wp\/v2\/comments?post=5676"}],"wp:featuredmedia":[{"embeddable":true,"href":"https:\/\/alliancesmieuxetre.fr\/index.php\/wp-json\/wp\/v2\/media\/6559"}],"wp:attachment":[{"href":"https:\/\/alliancesmieuxetre.fr\/index.php\/wp-json\/wp\/v2\/media?parent=5676"}],"wp:term":[{"taxonomy":"product_cat","embeddable":true,"href":"https:\/\/alliancesmieuxetre.fr\/index.php\/wp-json\/wp\/v2\/product_cat?post=5676"},{"taxonomy":"product_tag","embeddable":true,"href":"https:\/\/alliancesmieuxetre.fr\/index.php\/wp-json\/wp\/v2\/product_tag?post=5676"}],"curies":[{"name":"wp","href":"https:\/\/api.w.org\/{rel}","templated":true}]}}