{"id":5665,"date":"2024-01-12T17:06:19","date_gmt":"2024-01-12T16:06:19","guid":{"rendered":"https:\/\/alliancesmieuxetre.fr\/index.php\/product\/frne\/"},"modified":"2024-02-09T09:24:40","modified_gmt":"2024-02-09T08:24:40","slug":"frene","status":"publish","type":"product","link":"https:\/\/alliancesmieuxetre.fr\/index.php\/product\/frene\/","title":{"rendered":"FRENE"},"content":{"rendered":"<ul>\n<li>Action r\u00e9nale, draineur des toxines acides: indiqu\u00e9 en cas d\u2019acide urique, troubles articulaires, goutte, ur\u00e9e, r\u00e9tention d\u2019eau, cellulite<\/li>\n<li>Action apaisante articulaire<\/li>\n<li>Stimulant des surr\u00e9nales: il augmente le cortisol, l\u2019adr\u00e9naline et la noradr\u00e9naline<\/li>\n<\/ul>\n<p><strong><em>Purification, clart\u00e9, audace<\/em><\/strong><br \/>\n<em>Le Fr\u00eane* \u00abd\u00e9sacidifie\u00bb le corps et l\u2019esprit de l\u2019individu aigri et empli d\u2019amertume. Il lib\u00e8re une \u00e9nergie cristallis\u00e9e de retenue et d\u2019emp\u00eachement. L\u2019individu va oser \u00e0 nouveau<\/em><\/p>\n","protected":false},"excerpt":{"rendered":"<h3>Indications et conseils<\/h3>\n<p>&nbsp;<\/p>\n<p><strong>Posologie<\/strong><\/p>\n<ul>\n<li>Pour adulte : 5-10 gouttes\/jour, pures ou dilu\u00e9es dans une eau de source. En dehors des repas<\/li>\n<li>Pour votre enfant: A partir de 3 ans : 1 goutte\/ann\u00e9e d&rsquo;\u00e2ge; A partir de 10 ans : Voir adulte<\/li>\n<li>Pour votre animal de compagnie : 1-3 gouttes\/ 10kg de poids dans la gamelle d&rsquo;eau ou verser quelques gouttes dans la paume de la main et caresser votre animal qui se l\u00e8che<\/li>\n<li>Plan \u00e9motionnel\/\u00e9nerg\u00e9tique : 1 goutte\/jour pendant 3 mois<\/li>\n<\/ul>\n<p><strong>Pr\u00e9cautions d&#8217;emplo<\/strong>i<\/p>\n<ul>\n<li>Aucunes<\/li>\n<\/ul>\n","protected":false},"featured_media":5769,"comment_status":"open","ping_status":"closed","template":"","meta":{"site-sidebar-layout":"default","site-content-layout":"","ast-site-content-layout":"default","site-content-style":"default","site-sidebar-style":"default","ast-global-header-display":"","ast-banner-title-visibility":"","ast-main-header-display":"","ast-hfb-above-header-display":"","ast-hfb-below-header-display":"","ast-hfb-mobile-header-display":"","site-post-title":"","ast-breadcrumbs-content":"","ast-featured-img":"","footer-sml-layout":"","theme-transparent-header-meta":"default","adv-header-id-meta":"","stick-header-meta":"","header-above-stick-meta":"","header-main-stick-meta":"","header-below-stick-meta":"","astra-migrate-meta-layouts":"set","ast-page-background-enabled":"default","ast-page-background-meta":{"desktop":{"background-color":"","background-image":"","background-repeat":"repeat","background-position":"center center","background-size":"auto","background-attachment":"scroll","background-type":"","background-media":"","overlay-type":"","overlay-color":"","overlay-gradient":""},"tablet":{"background-color":"","background-image":"","background-repeat":"repeat","background-position":"center center","background-size":"auto","background-attachment":"scroll","background-type":"","background-media":"","overlay-type":"","overlay-color":"","overlay-gradient":""},"mobile":{"background-color":"","background-image":"","background-repeat":"repeat","background-position":"center center","background-size":"auto","background-attachment":"scroll","background-type":"","background-media":"","overlay-type":"","overlay-color":"","overlay-gradient":""}},"ast-content-background-meta":{"desktop":{"background-color":"var(--ast-global-color-5)","background-image":"","background-repeat":"repeat","background-position":"center center","background-size":"auto","background-attachment":"scroll","background-type":"","background-media":"","overlay-type":"","overlay-color":"","overlay-gradient":""},"tablet":{"background-color":"var(--ast-global-color-5)","background-image":"","background-repeat":"repeat","background-position":"center center","background-size":"auto","background-attachment":"scroll","background-type":"","background-media":"","overlay-type":"","overlay-color":"","overlay-gradient":""},"mobile":{"background-color":"var(--ast-global-color-5)","background-image":"","background-repeat":"repeat","background-position":"center center","background-size":"auto","background-attachment":"scroll","background-type":"","background-media":"","overlay-type":"","overlay-color":"","overlay-gradient":""}}},"product_cat":[24],"product_tag":[],"class_list":{"0":"post-5665","1":"product","2":"type-product","3":"status-publish","4":"has-post-thumbnail","6":"product_cat-gemmotherapie","7":"desktop-align-center","8":"tablet-align-center","9":"mobile-align-center","11":"first","12":"instock","13":"taxable","14":"shipping-taxable","15":"purchasable","16":"product-type-simple"},"_links":{"self":[{"href":"https:\/\/alliancesmieuxetre.fr\/index.php\/wp-json\/wp\/v2\/product\/5665","targetHints":{"allow":["GET"]}}],"collection":[{"href":"https:\/\/alliancesmieuxetre.fr\/index.php\/wp-json\/wp\/v2\/product"}],"about":[{"href":"https:\/\/alliancesmieuxetre.fr\/index.php\/wp-json\/wp\/v2\/types\/product"}],"replies":[{"embeddable":true,"href":"https:\/\/alliancesmieuxetre.fr\/index.php\/wp-json\/wp\/v2\/comments?post=5665"}],"wp:featuredmedia":[{"embeddable":true,"href":"https:\/\/alliancesmieuxetre.fr\/index.php\/wp-json\/wp\/v2\/media\/5769"}],"wp:attachment":[{"href":"https:\/\/alliancesmieuxetre.fr\/index.php\/wp-json\/wp\/v2\/media?parent=5665"}],"wp:term":[{"taxonomy":"product_cat","embeddable":true,"href":"https:\/\/alliancesmieuxetre.fr\/index.php\/wp-json\/wp\/v2\/product_cat?post=5665"},{"taxonomy":"product_tag","embeddable":true,"href":"https:\/\/alliancesmieuxetre.fr\/index.php\/wp-json\/wp\/v2\/product_tag?post=5665"}],"curies":[{"name":"wp","href":"https:\/\/api.w.org\/{rel}","templated":true}]}}