{"id":5652,"date":"2024-01-12T17:06:17","date_gmt":"2024-01-12T16:06:17","guid":{"rendered":"https:\/\/alliancesmieuxetre.fr\/index.php\/product\/bouleau\/"},"modified":"2024-02-03T10:54:42","modified_gmt":"2024-02-03T09:54:42","slug":"bouleau","status":"publish","type":"product","link":"https:\/\/alliancesmieuxetre.fr\/index.php\/product\/bouleau\/","title":{"rendered":"BOULEAU 30ml p20"},"content":{"rendered":"<p><strong>Mac\u00e9rat Glyc\u00e9rin\u00e9 Concentr\u00e9 Bio<\/strong><\/p>\n<ul>\n<li>Draineur et d\u00e9puratif profond de l\u2019organisme en g\u00e9n\u00e9ral. Premier bourgeon de terrain en GEMMOTH\u00c9RAPIE, il permet, apr\u00e8s drainage, de voir clair sur une situation physique d\u00e9grad\u00e9e et qui pr\u00e9sente des troubles m\u00e9taboliques diff\u00e9rents et non caract\u00e9ristiques: frilosit\u00e9, fatigue chronique, inconfort physique tendineuse, ligamentaire, musculaire, articulaire, cutan\u00e9, intestinal, infections, crampes musculaires, sueurs acides, br\u00fblures urinaires, peau s\u00e8che, muqueuses irrit\u00e9es, baisse de l\u2019immunit\u00e9, irritabilit\u00e9, probl\u00e8me de digestion et de sommeil, langue charg\u00e9e, pertes gyn\u00e9cologiques, allergies<\/li>\n<li>Draineur des reins et des d\u00e9chets acides: r\u00e9tention d\u2019eau, transpiration excessive. Indiqu\u00e9 en cas d\u2019acidose tissulaire, acide urique, ur\u00e9e, atteinte des articulations, goutte<\/li>\n<li>Draineur h\u00e9patique: cholest\u00e9rol<\/li>\n<li>Remin\u00e9ralisant: indiqu\u00e9 dans la perte de densit\u00e9 osseuse, la croissance, la reconstruction et consolidation osseuse. Il contribue au bien-\u00eatre de la peau, des cheveux, des ongles, des gencives et de la dentition. Il est indiqu\u00e9 en cas d\u2019\u00e9puisement physique, fatigue chronique, perte de vitalit\u00e9<\/li>\n<\/ul>\n<p><strong><em>Clart\u00e9, maturit\u00e9, mobilit\u00e9<\/em><\/strong><br \/>\n<em>Le Bouleau* apporte la lumi\u00e8re et la clart\u00e9 physique, \u00e9motionnelle et\/ou mentale. Il stimule la force vitale et guide vers la transformation. Il permet de retrouver souplesse et flexibilit\u00e9 physique, mentale et pousse au renouveau. Il aide \u00e0 la prise de conscience<\/em><\/p>\n","protected":false},"excerpt":{"rendered":"<h3>Indications et conseils<\/h3>\n<p>&nbsp;<\/p>\n<p><strong>Posologie<\/strong><\/p>\n<ul>\n<li>Pour adulte : 5-10 gouttes\/jour, pures ou dilu\u00e9es dans une eau de source. En dehors des repas<\/li>\n<li>Pour votre enfant: A partir de 3 ans : 1 goutte\/ann\u00e9e d&rsquo;\u00e2ge; A partir de 10 ans : Voir adulte<\/li>\n<li>Pour votre animal de compagnie : 1-3 gouttes\/ 10kg de poids dans la gamelle d&rsquo;eau ou verser quelques gouttes dans la paume de la main et caresser votre animal qui se l\u00e8che<\/li>\n<li>Plan \u00e9motionnel\/\u00e9nerg\u00e9tique : 1 goutte\/jour pendant 3 mois<\/li>\n<\/ul>\n<p><strong>Pr\u00e9cautions d&#8217;emplo<\/strong>i<\/p>\n<ul>\n<li>D\u00e9conseill\u00e9 avec la prise d\u2019anticoagulants et aux personnes souffrant d\u2019allergies aux d\u00e9riv\u00e9s salicyl\u00e9s<\/li>\n<\/ul>\n","protected":false},"featured_media":5741,"comment_status":"open","ping_status":"closed","template":"","meta":{"site-sidebar-layout":"default","site-content-layout":"","ast-site-content-layout":"default","site-content-style":"default","site-sidebar-style":"default","ast-global-header-display":"","ast-banner-title-visibility":"","ast-main-header-display":"","ast-hfb-above-header-display":"","ast-hfb-below-header-display":"","ast-hfb-mobile-header-display":"","site-post-title":"","ast-breadcrumbs-content":"","ast-featured-img":"","footer-sml-layout":"","theme-transparent-header-meta":"default","adv-header-id-meta":"","stick-header-meta":"","header-above-stick-meta":"","header-main-stick-meta":"","header-below-stick-meta":"","astra-migrate-meta-layouts":"set","ast-page-background-enabled":"default","ast-page-background-meta":{"desktop":{"background-color":"","background-image":"","background-repeat":"repeat","background-position":"center center","background-size":"auto","background-attachment":"scroll","background-type":"","background-media":"","overlay-type":"","overlay-color":"","overlay-gradient":""},"tablet":{"background-color":"","background-image":"","background-repeat":"repeat","background-position":"center center","background-size":"auto","background-attachment":"scroll","background-type":"","background-media":"","overlay-type":"","overlay-color":"","overlay-gradient":""},"mobile":{"background-color":"","background-image":"","background-repeat":"repeat","background-position":"center center","background-size":"auto","background-attachment":"scroll","background-type":"","background-media":"","overlay-type":"","overlay-color":"","overlay-gradient":""}},"ast-content-background-meta":{"desktop":{"background-color":"var(--ast-global-color-5)","background-image":"","background-repeat":"repeat","background-position":"center center","background-size":"auto","background-attachment":"scroll","background-type":"","background-media":"","overlay-type":"","overlay-color":"","overlay-gradient":""},"tablet":{"background-color":"var(--ast-global-color-5)","background-image":"","background-repeat":"repeat","background-position":"center center","background-size":"auto","background-attachment":"scroll","background-type":"","background-media":"","overlay-type":"","overlay-color":"","overlay-gradient":""},"mobile":{"background-color":"var(--ast-global-color-5)","background-image":"","background-repeat":"repeat","background-position":"center center","background-size":"auto","background-attachment":"scroll","background-type":"","background-media":"","overlay-type":"","overlay-color":"","overlay-gradient":""}}},"product_cat":[24],"product_tag":[],"class_list":{"0":"post-5652","1":"product","2":"type-product","3":"status-publish","4":"has-post-thumbnail","6":"product_cat-gemmotherapie","7":"desktop-align-center","8":"tablet-align-center","9":"mobile-align-center","11":"first","12":"instock","13":"taxable","14":"shipping-taxable","15":"purchasable","16":"product-type-simple"},"_links":{"self":[{"href":"https:\/\/alliancesmieuxetre.fr\/index.php\/wp-json\/wp\/v2\/product\/5652","targetHints":{"allow":["GET"]}}],"collection":[{"href":"https:\/\/alliancesmieuxetre.fr\/index.php\/wp-json\/wp\/v2\/product"}],"about":[{"href":"https:\/\/alliancesmieuxetre.fr\/index.php\/wp-json\/wp\/v2\/types\/product"}],"replies":[{"embeddable":true,"href":"https:\/\/alliancesmieuxetre.fr\/index.php\/wp-json\/wp\/v2\/comments?post=5652"}],"wp:featuredmedia":[{"embeddable":true,"href":"https:\/\/alliancesmieuxetre.fr\/index.php\/wp-json\/wp\/v2\/media\/5741"}],"wp:attachment":[{"href":"https:\/\/alliancesmieuxetre.fr\/index.php\/wp-json\/wp\/v2\/media?parent=5652"}],"wp:term":[{"taxonomy":"product_cat","embeddable":true,"href":"https:\/\/alliancesmieuxetre.fr\/index.php\/wp-json\/wp\/v2\/product_cat?post=5652"},{"taxonomy":"product_tag","embeddable":true,"href":"https:\/\/alliancesmieuxetre.fr\/index.php\/wp-json\/wp\/v2\/product_tag?post=5652"}],"curies":[{"name":"wp","href":"https:\/\/api.w.org\/{rel}","templated":true}]}}