{"id":170,"date":"2018-06-19T13:45:22","date_gmt":"2018-06-19T13:45:22","guid":{"rendered":"https:\/\/demo2.philippegabai.fr\/index.php\/product\/natural-extracted-olive-oil\/"},"modified":"2023-12-26T12:26:34","modified_gmt":"2023-12-26T11:26:34","slug":"bracelet-cornaline","status":"publish","type":"product","link":"https:\/\/alliancesmieuxetre.fr\/index.php\/product\/bracelet-cornaline\/","title":{"rendered":"Bracelet CORNALINE"},"content":{"rendered":"<p>Bracelet \u00e9lastique compos\u00e9 de perles en pierre naturelle de cornaline. Cette pierre symbolise la vitalit\u00e9, le courage et la force. Elle permet de garder un \u00e9tat esprit positif et d&rsquo;\u00e9loigner les doutes.<\/p>\n<p><b>Caract\u00e9ristiques :<\/b><\/p>\n<p>Pierre naturelle et perle Omsa\u00e9 en acier inoxydable. Diam\u00e8tre des perles : 8 mm. Longueur du bracelet : env. 19 cm. Origine de la pierre : Uruguay. Pierres certifi\u00e9es par un gemmologue fran\u00e7ais.<\/p>\n<p><b>Pr\u00e9cautions d&#8217;emploi :<\/b><\/p>\n<p>Attention : les min\u00e9raux ne peuvent se substituer \u00e0 un traitement m\u00e9dical. Les indications et propri\u00e9t\u00e9s d\u00e9crites en lithoth\u00e9rapie se basent sur des effets g\u00e9n\u00e9ralement constat\u00e9s, mais non v\u00e9rifi\u00e9s scientifiquement. Seul un m\u00e9decin est habilit\u00e9 \u00e0 faire un diagnostic et \u00e0 prescrire un traitement. Conforme \u00e0 la r\u00e9glementation REACH.<\/p>\n","protected":false},"excerpt":{"rendered":"<p>Bracelet \u00e9lastique compos\u00e9 de perles en pierre naturelle de cornaline. Cette pierre symbolise la vitalit\u00e9, le courage et la force. Elle permet de garder un \u00e9tat esprit positif et d&rsquo;\u00e9loigner les doutes.<\/p>\n<p><b>Caract\u00e9ristiques :<\/b><\/p>\n<p>Pierre naturelle et perle Omsa\u00e9 en acier inoxydable. Diam\u00e8tre des perles : 8 mm. Longueur du bracelet : env. 19 cm. Origine de la pierre : Uruguay. Pierres certifi\u00e9es par un gemmologue fran\u00e7ais.<\/p>\n","protected":false},"featured_media":5484,"comment_status":"open","ping_status":"closed","template":"","meta":{"site-sidebar-layout":"default","site-content-layout":"default","ast-site-content-layout":"default","site-content-style":"default","site-sidebar-style":"default","ast-global-header-display":"","ast-banner-title-visibility":"","ast-main-header-display":"","ast-hfb-above-header-display":"","ast-hfb-below-header-display":"","ast-hfb-mobile-header-display":"","site-post-title":"","ast-breadcrumbs-content":"","ast-featured-img":"","footer-sml-layout":"","theme-transparent-header-meta":"default","adv-header-id-meta":"","stick-header-meta":"","header-above-stick-meta":"","header-main-stick-meta":"","header-below-stick-meta":"","astra-migrate-meta-layouts":"set","ast-page-background-enabled":"default","ast-page-background-meta":{"desktop":{"background-color":"","background-image":"","background-repeat":"repeat","background-position":"center center","background-size":"auto","background-attachment":"scroll","background-type":"","background-media":"","overlay-type":"","overlay-color":"","overlay-gradient":""},"tablet":{"background-color":"","background-image":"","background-repeat":"repeat","background-position":"center center","background-size":"auto","background-attachment":"scroll","background-type":"","background-media":"","overlay-type":"","overlay-color":"","overlay-gradient":""},"mobile":{"background-color":"","background-image":"","background-repeat":"repeat","background-position":"center center","background-size":"auto","background-attachment":"scroll","background-type":"","background-media":"","overlay-type":"","overlay-color":"","overlay-gradient":""}},"ast-content-background-meta":{"desktop":{"background-color":"var(--ast-global-color-5)","background-image":"","background-repeat":"repeat","background-position":"center center","background-size":"auto","background-attachment":"scroll","background-type":"","background-media":"","overlay-type":"","overlay-color":"","overlay-gradient":""},"tablet":{"background-color":"var(--ast-global-color-5)","background-image":"","background-repeat":"repeat","background-position":"center center","background-size":"auto","background-attachment":"scroll","background-type":"","background-media":"","overlay-type":"","overlay-color":"","overlay-gradient":""},"mobile":{"background-color":"var(--ast-global-color-5)","background-image":"","background-repeat":"repeat","background-position":"center center","background-size":"auto","background-attachment":"scroll","background-type":"","background-media":"","overlay-type":"","overlay-color":"","overlay-gradient":""}}},"product_cat":[35],"product_tag":[],"class_list":{"0":"post-170","1":"product","2":"type-product","3":"status-publish","4":"has-post-thumbnail","6":"product_cat-lythoterapie","7":"desktop-align-center","8":"tablet-align-center","9":"mobile-align-center","11":"first","12":"instock","13":"featured","14":"taxable","15":"shipping-taxable","16":"purchasable","17":"product-type-simple"},"_links":{"self":[{"href":"https:\/\/alliancesmieuxetre.fr\/index.php\/wp-json\/wp\/v2\/product\/170","targetHints":{"allow":["GET"]}}],"collection":[{"href":"https:\/\/alliancesmieuxetre.fr\/index.php\/wp-json\/wp\/v2\/product"}],"about":[{"href":"https:\/\/alliancesmieuxetre.fr\/index.php\/wp-json\/wp\/v2\/types\/product"}],"replies":[{"embeddable":true,"href":"https:\/\/alliancesmieuxetre.fr\/index.php\/wp-json\/wp\/v2\/comments?post=170"}],"wp:featuredmedia":[{"embeddable":true,"href":"https:\/\/alliancesmieuxetre.fr\/index.php\/wp-json\/wp\/v2\/media\/5484"}],"wp:attachment":[{"href":"https:\/\/alliancesmieuxetre.fr\/index.php\/wp-json\/wp\/v2\/media?parent=170"}],"wp:term":[{"taxonomy":"product_cat","embeddable":true,"href":"https:\/\/alliancesmieuxetre.fr\/index.php\/wp-json\/wp\/v2\/product_cat?post=170"},{"taxonomy":"product_tag","embeddable":true,"href":"https:\/\/alliancesmieuxetre.fr\/index.php\/wp-json\/wp\/v2\/product_tag?post=170"}],"curies":[{"name":"wp","href":"https:\/\/api.w.org\/{rel}","templated":true}]}}